{"id":1765,"date":"2021-04-27T14:19:01","date_gmt":"2021-04-27T12:19:01","guid":{"rendered":"https:\/\/ahold-climbing.cz\/?page_id=1765"},"modified":"2024-11-18T21:05:55","modified_gmt":"2024-11-18T19:05:55","slug":"pro-inzerenty","status":"publish","type":"page","link":"https:\/\/varp.cz\/en\/pro-inzerenty\/","title":{"rendered":"For advertisers"},"content":{"rendered":"<p>VARP je jednou z nejnav\u0161t\u011bvovan\u011bj\u0161\u00edch \u010desk\u00fdch lezeck\u00fdch str\u00e1nek, kter\u00e1 poskytuje cenn\u00e9 informace a inspiraci pro lezce v\u0161ech \u00farovn\u00ed. Na na\u0161ich str\u00e1nk\u00e1ch najdete \u010dl\u00e1nky o horolezectv\u00ed, novinky ze sv\u011bta lezeck\u00fdch ud\u00e1lost\u00ed, podrobn\u00e9 p\u0159ehledy lezeck\u00fdch sektor\u016f a recenze kvalitn\u00edho lezeck\u00e9ho vybaven\u00ed. Ka\u017ed\u00fd m\u011bs\u00edc p\u0159itahujeme v\u00edce ne\u017e 5 500 pravideln\u00fdch n\u00e1v\u0161t\u011bvn\u00edk\u016f, kte\u0159\u00ed se k n\u00e1m vracej\u00ed pro u\u017eite\u010dn\u00e9 informace a tipy na zlep\u0161en\u00ed jejich lezeck\u00fdch dovednost\u00ed.<\/p>\n\n\n\n<div style=\"height:50px\" aria-hidden=\"true\" class=\"wp-block-spacer\"><\/div>\n\n\n\n<figure class=\"wp-block-image size-large img100\"><img loading=\"lazy\" decoding=\"async\" width=\"1024\" height=\"320\" src=\"http:\/\/varp.cz\/wp-content\/uploads\/2021\/12\/IMG_1960-1024x320.jpg\" alt=\"\" class=\"wp-image-4349\" srcset=\"https:\/\/varp.cz\/wp-content\/uploads\/2021\/12\/IMG_1960-1024x320.jpg 1024w, https:\/\/varp.cz\/wp-content\/uploads\/2021\/12\/IMG_1960-300x94.jpg 300w, https:\/\/varp.cz\/wp-content\/uploads\/2021\/12\/IMG_1960-768x240.jpg 768w, https:\/\/varp.cz\/wp-content\/uploads\/2021\/12\/IMG_1960-1536x480.jpg 1536w, https:\/\/varp.cz\/wp-content\/uploads\/2021\/12\/IMG_1960-2048x640.jpg 2048w, https:\/\/varp.cz\/wp-content\/uploads\/2021\/12\/IMG_1960-600x188.jpg 600w\" sizes=\"auto, (max-width: 1024px) 100vw, 1024px\" \/><\/figure>\n\n\n\n<div style=\"height:50px\" aria-hidden=\"true\" class=\"wp-block-spacer\"><\/div>\n\n\n\n<h4 class=\"wp-block-heading\" id=\"proc-inzerovat-s-varp\">Why advertise with VARP?<\/h4>\n\n\n\n<ul class=\"wp-block-list\">\n<li>VARP has a solid core of fans with a clear focus on the sport of climbing<\/li>\n\n\n\n<li>Exact localization for the Czech Republic and Slovakia<\/li>\n\n\n\n<li>Unique processing of climbing sectors<\/li>\n\n\n\n<li>Regular updates of VARP website contents<\/li>\n<\/ul>\n\n\n\n<div style=\"height:50px\" aria-hidden=\"true\" class=\"wp-block-spacer\"><\/div>\n\n\n\n<h4 class=\"wp-block-heading\" id=\"navrzene-reklamni-moznosti\">Suggested advertising options:<\/h4>\n\n\n\n<ul class=\"wp-block-list\">\n<li>Writing articles\/ series of articles on a topic of your choice.<\/li>\n\n\n\n<li>Links to your product pages.<\/li>\n\n\n\n<li>Objective reviews of your products.<\/li>\n\n\n\n<li>Commercial banner<\/li>\n<\/ul>\n\n\n\n<div style=\"height:20px\" aria-hidden=\"true\" class=\"wp-block-spacer\"><\/div>\n\n\n\n<p>For your own offer or to ask any question, do not hesitate to contact: <a href=\"mailto:redakce@varp.cz\">redakce@varp.cz<\/a><\/p>","protected":false},"excerpt":{"rendered":"<p>VARP je jednou z nejnav\u0161t\u011bvovan\u011bj\u0161\u00edch \u010desk\u00fdch lezeck\u00fdch str\u00e1nek, kter\u00e1 poskytuje cenn\u00e9 informace a inspiraci pro lezce v\u0161ech&#8230;<\/p>","protected":false},"author":1,"featured_media":0,"parent":0,"menu_order":0,"comment_status":"closed","ping_status":"closed","template":"","meta":{"_acf_changed":false,"rop_custom_images_group":[],"rop_custom_messages_group":[],"rop_publish_now":"initial","rop_publish_now_accounts":{"facebook_3757179584331251_101591145351256":""},"rop_publish_now_history":[],"rop_publish_now_status":"pending","_uag_custom_page_level_css":"","advgb_blocks_editor_width":"","advgb_blocks_columns_visual_guide":"","cybocfi_hide_featured_image":"","footnotes":""},"class_list":["post-1765","page","type-page","status-publish","hentry"],"acf":[],"yoast_head":"<!-- This site is optimized with the Yoast SEO plugin v26.4 - https:\/\/yoast.com\/wordpress\/plugins\/seo\/ -->\n<title>Pro inzerenty - VARP<\/title>\n<meta name=\"description\" content=\"nab\u00eddka inzerentn\u00edch ploch pro lezecky z\u00e1jmov\u00fd blog Varianta Rot Punkt. Nab\u00edz\u00edme objektivn\u00ed recenze, bannery, \u010dl\u00e1nky a mnohem v\u00edce.\" \/>\n<meta name=\"robots\" content=\"index, follow, max-snippet:-1, max-image-preview:large, max-video-preview:-1\" \/>\n<link rel=\"canonical\" href=\"https:\/\/varp.cz\/en\/pro-inzerenty\/\" \/>\n<meta property=\"og:locale\" content=\"en_US\" \/>\n<meta property=\"og:type\" content=\"article\" \/>\n<meta property=\"og:title\" content=\"Pro inzerenty - VARP\" \/>\n<meta property=\"og:description\" content=\"nab\u00eddka inzerentn\u00edch ploch pro lezecky z\u00e1jmov\u00fd blog Varianta Rot Punkt. Nab\u00edz\u00edme objektivn\u00ed recenze, bannery, \u010dl\u00e1nky a mnohem v\u00edce.\" \/>\n<meta property=\"og:url\" content=\"https:\/\/varp.cz\/en\/pro-inzerenty\/\" \/>\n<meta property=\"og:site_name\" content=\"VARP\" \/>\n<meta property=\"article:publisher\" content=\"https:\/\/www.facebook.com\/Aholdclimbing\/\" \/>\n<meta property=\"article:modified_time\" content=\"2024-11-18T19:05:55+00:00\" \/>\n<meta property=\"og:image\" content=\"http:\/\/varp.cz\/wp-content\/uploads\/2021\/12\/IMG_1960-1024x320.jpg\" \/>\n<meta name=\"twitter:card\" content=\"summary_large_image\" \/>\n<meta name=\"twitter:label1\" content=\"Est. reading time\" \/>\n\t<meta name=\"twitter:data1\" content=\"1 minute\" \/>\n<script type=\"application\/ld+json\" class=\"yoast-schema-graph\">{\"@context\":\"https:\/\/schema.org\",\"@graph\":[{\"@type\":\"WebPage\",\"@id\":\"https:\/\/varp.cz\/pro-inzerenty\/\",\"url\":\"https:\/\/varp.cz\/pro-inzerenty\/\",\"name\":\"Pro inzerenty - VARP\",\"isPartOf\":{\"@id\":\"https:\/\/varp.cz\/#website\"},\"primaryImageOfPage\":{\"@id\":\"https:\/\/varp.cz\/pro-inzerenty\/#primaryimage\"},\"image\":{\"@id\":\"https:\/\/varp.cz\/pro-inzerenty\/#primaryimage\"},\"thumbnailUrl\":\"http:\/\/varp.cz\/wp-content\/uploads\/2021\/12\/IMG_1960-1024x320.jpg\",\"datePublished\":\"2021-04-27T12:19:01+00:00\",\"dateModified\":\"2024-11-18T19:05:55+00:00\",\"description\":\"nab\u00eddka inzerentn\u00edch ploch pro lezecky z\u00e1jmov\u00fd blog Varianta Rot Punkt. Nab\u00edz\u00edme objektivn\u00ed recenze, bannery, \u010dl\u00e1nky a mnohem v\u00edce.\",\"breadcrumb\":{\"@id\":\"https:\/\/varp.cz\/pro-inzerenty\/#breadcrumb\"},\"inLanguage\":\"en-US\",\"potentialAction\":[{\"@type\":\"ReadAction\",\"target\":[\"https:\/\/varp.cz\/pro-inzerenty\/\"]}]},{\"@type\":\"ImageObject\",\"inLanguage\":\"en-US\",\"@id\":\"https:\/\/varp.cz\/pro-inzerenty\/#primaryimage\",\"url\":\"http:\/\/varp.cz\/wp-content\/uploads\/2021\/12\/IMG_1960-1024x320.jpg\",\"contentUrl\":\"http:\/\/varp.cz\/wp-content\/uploads\/2021\/12\/IMG_1960-1024x320.jpg\"},{\"@type\":\"BreadcrumbList\",\"@id\":\"https:\/\/varp.cz\/pro-inzerenty\/#breadcrumb\",\"itemListElement\":[{\"@type\":\"ListItem\",\"position\":1,\"name\":\"Home\",\"item\":\"https:\/\/varp.cz\/\"},{\"@type\":\"ListItem\",\"position\":2,\"name\":\"Pro inzerenty\"}]},{\"@type\":\"WebSite\",\"@id\":\"https:\/\/varp.cz\/#website\",\"url\":\"https:\/\/varp.cz\/\",\"name\":\"VARP\",\"description\":\"Bouldering, Lezen\u00ed na obt\u00ed\u017enost, topos\",\"publisher\":{\"@id\":\"https:\/\/varp.cz\/#organization\"},\"potentialAction\":[{\"@type\":\"SearchAction\",\"target\":{\"@type\":\"EntryPoint\",\"urlTemplate\":\"https:\/\/varp.cz\/?s={search_term_string}\"},\"query-input\":{\"@type\":\"PropertyValueSpecification\",\"valueRequired\":true,\"valueName\":\"search_term_string\"}}],\"inLanguage\":\"en-US\"},{\"@type\":\"Organization\",\"@id\":\"https:\/\/varp.cz\/#organization\",\"name\":\"Varianta RP\",\"url\":\"https:\/\/varp.cz\/\",\"logo\":{\"@type\":\"ImageObject\",\"inLanguage\":\"en-US\",\"@id\":\"https:\/\/varp.cz\/#\/schema\/logo\/image\/\",\"url\":\"https:\/\/i0.wp.com\/varp.cz\/wp-content\/uploads\/2021\/08\/Frame_76-removebg-preview-1.png?fit=962%2C259&ssl=1\",\"contentUrl\":\"https:\/\/i0.wp.com\/varp.cz\/wp-content\/uploads\/2021\/08\/Frame_76-removebg-preview-1.png?fit=962%2C259&ssl=1\",\"width\":962,\"height\":259,\"caption\":\"Varianta RP\"},\"image\":{\"@id\":\"https:\/\/varp.cz\/#\/schema\/logo\/image\/\"},\"sameAs\":[\"https:\/\/www.facebook.com\/Aholdclimbing\/\",\"https:\/\/www.instagram.com\/ahold_climbing\/\"]}]}<\/script>\n<!-- \/ Yoast SEO plugin. -->","yoast_head_json":{"title":"Pro inzerenty - VARP","description":"nab\u00eddka inzerentn\u00edch ploch pro lezecky z\u00e1jmov\u00fd blog Varianta Rot Punkt. Nab\u00edz\u00edme objektivn\u00ed recenze, bannery, \u010dl\u00e1nky a mnohem v\u00edce.","robots":{"index":"index","follow":"follow","max-snippet":"max-snippet:-1","max-image-preview":"max-image-preview:large","max-video-preview":"max-video-preview:-1"},"canonical":"https:\/\/varp.cz\/en\/pro-inzerenty\/","og_locale":"en_US","og_type":"article","og_title":"Pro inzerenty - VARP","og_description":"nab\u00eddka inzerentn\u00edch ploch pro lezecky z\u00e1jmov\u00fd blog Varianta Rot Punkt. Nab\u00edz\u00edme objektivn\u00ed recenze, bannery, \u010dl\u00e1nky a mnohem v\u00edce.","og_url":"https:\/\/varp.cz\/en\/pro-inzerenty\/","og_site_name":"VARP","article_publisher":"https:\/\/www.facebook.com\/Aholdclimbing\/","article_modified_time":"2024-11-18T19:05:55+00:00","og_image":[{"url":"http:\/\/varp.cz\/wp-content\/uploads\/2021\/12\/IMG_1960-1024x320.jpg","type":"","width":"","height":""}],"twitter_card":"summary_large_image","twitter_misc":{"Est. reading time":"1 minute"},"schema":{"@context":"https:\/\/schema.org","@graph":[{"@type":"WebPage","@id":"https:\/\/varp.cz\/pro-inzerenty\/","url":"https:\/\/varp.cz\/pro-inzerenty\/","name":"Pro inzerenty - VARP","isPartOf":{"@id":"https:\/\/varp.cz\/#website"},"primaryImageOfPage":{"@id":"https:\/\/varp.cz\/pro-inzerenty\/#primaryimage"},"image":{"@id":"https:\/\/varp.cz\/pro-inzerenty\/#primaryimage"},"thumbnailUrl":"http:\/\/varp.cz\/wp-content\/uploads\/2021\/12\/IMG_1960-1024x320.jpg","datePublished":"2021-04-27T12:19:01+00:00","dateModified":"2024-11-18T19:05:55+00:00","description":"nab\u00eddka inzerentn\u00edch ploch pro lezecky z\u00e1jmov\u00fd blog Varianta Rot Punkt. Nab\u00edz\u00edme objektivn\u00ed recenze, bannery, \u010dl\u00e1nky a mnohem v\u00edce.","breadcrumb":{"@id":"https:\/\/varp.cz\/pro-inzerenty\/#breadcrumb"},"inLanguage":"en-US","potentialAction":[{"@type":"ReadAction","target":["https:\/\/varp.cz\/pro-inzerenty\/"]}]},{"@type":"ImageObject","inLanguage":"en-US","@id":"https:\/\/varp.cz\/pro-inzerenty\/#primaryimage","url":"http:\/\/varp.cz\/wp-content\/uploads\/2021\/12\/IMG_1960-1024x320.jpg","contentUrl":"http:\/\/varp.cz\/wp-content\/uploads\/2021\/12\/IMG_1960-1024x320.jpg"},{"@type":"BreadcrumbList","@id":"https:\/\/varp.cz\/pro-inzerenty\/#breadcrumb","itemListElement":[{"@type":"ListItem","position":1,"name":"Home","item":"https:\/\/varp.cz\/"},{"@type":"ListItem","position":2,"name":"Pro inzerenty"}]},{"@type":"WebSite","@id":"https:\/\/varp.cz\/#website","url":"https:\/\/varp.cz\/","name":"WARP","description":"Bouldering, Climbing on difficulty, topos","publisher":{"@id":"https:\/\/varp.cz\/#organization"},"potentialAction":[{"@type":"SearchAction","target":{"@type":"EntryPoint","urlTemplate":"https:\/\/varp.cz\/?s={search_term_string}"},"query-input":{"@type":"PropertyValueSpecification","valueRequired":true,"valueName":"search_term_string"}}],"inLanguage":"en-US"},{"@type":"Organization","@id":"https:\/\/varp.cz\/#organization","name":"Varianta RP","url":"https:\/\/varp.cz\/","logo":{"@type":"ImageObject","inLanguage":"en-US","@id":"https:\/\/varp.cz\/#\/schema\/logo\/image\/","url":"https:\/\/i0.wp.com\/varp.cz\/wp-content\/uploads\/2021\/08\/Frame_76-removebg-preview-1.png?fit=962%2C259&ssl=1","contentUrl":"https:\/\/i0.wp.com\/varp.cz\/wp-content\/uploads\/2021\/08\/Frame_76-removebg-preview-1.png?fit=962%2C259&ssl=1","width":962,"height":259,"caption":"Varianta RP"},"image":{"@id":"https:\/\/varp.cz\/#\/schema\/logo\/image\/"},"sameAs":["https:\/\/www.facebook.com\/Aholdclimbing\/","https:\/\/www.instagram.com\/ahold_climbing\/"]}]}},"uagb_featured_image_src":{"full":false,"thumbnail":false,"medium":false,"medium_large":false,"large":false,"1536x1536":false,"2048x2048":false,"trp-custom-language-flag":false,"post-thumbnail":false,"poseidon-header-image":false,"poseidon-thumbnail-small":false,"poseidon-thumbnail-medium":false,"poseidon-thumbnail-large":false,"poseidon-thumbnail-single":false},"uagb_author_info":{"display_name":"VARP t\u00fdm","author_link":"https:\/\/varp.cz\/en\/author\/administrator\/"},"uagb_comment_info":0,"uagb_excerpt":"VARP je jednou z nejnav\u0161t\u011bvovan\u011bj\u0161\u00edch \u010desk\u00fdch lezeck\u00fdch str\u00e1nek, kter\u00e1 poskytuje cenn\u00e9 informace a inspiraci pro lezce v\u0161ech...","coauthors":[],"author_meta":{"author_link":"https:\/\/varp.cz\/en\/author\/administrator\/","display_name":"VARP t\u00fdm"},"relative_dates":{"created":"Posted 5 years ago","modified":"Updated 1 year ago"},"absolute_dates":{"created":"Posted on April 27, 2021","modified":"Updated on November 18, 2024"},"absolute_dates_time":{"created":"Posted on April 27, 2021 2:19 pm","modified":"Updated on November 18, 2024 9:05 pm"},"featured_img_caption":"","featured_img":false,"series_order":"","_links":{"self":[{"href":"https:\/\/varp.cz\/en\/wp-json\/wp\/v2\/pages\/1765","targetHints":{"allow":["GET"]}}],"collection":[{"href":"https:\/\/varp.cz\/en\/wp-json\/wp\/v2\/pages"}],"about":[{"href":"https:\/\/varp.cz\/en\/wp-json\/wp\/v2\/types\/page"}],"author":[{"embeddable":true,"href":"https:\/\/varp.cz\/en\/wp-json\/wp\/v2\/users\/1"}],"replies":[{"embeddable":true,"href":"https:\/\/varp.cz\/en\/wp-json\/wp\/v2\/comments?post=1765"}],"version-history":[{"count":2,"href":"https:\/\/varp.cz\/en\/wp-json\/wp\/v2\/pages\/1765\/revisions"}],"predecessor-version":[{"id":12136,"href":"https:\/\/varp.cz\/en\/wp-json\/wp\/v2\/pages\/1765\/revisions\/12136"}],"wp:attachment":[{"href":"https:\/\/varp.cz\/en\/wp-json\/wp\/v2\/media?parent=1765"}],"curies":[{"name":"wp","href":"https:\/\/api.w.org\/{rel}","templated":true}]}}