{"id":4057,"date":"2021-09-12T21:16:28","date_gmt":"2021-09-12T19:16:28","guid":{"rendered":"https:\/\/ahold-climbing.cz\/?page_id=4057"},"modified":"2021-09-12T21:33:37","modified_gmt":"2021-09-12T19:33:37","slug":"souteze","status":"publish","type":"page","link":"https:\/\/varp.cz\/en\/souteze\/","title":{"rendered":"Competitions"},"content":{"rendered":"<div style=\"height:100px\" aria-hidden=\"true\" class=\"wp-block-spacer\"><\/div>\n\n\n\n<div class=\"wp-block-columns is-layout-flex wp-container-core-columns-is-layout-9d6595d7 wp-block-columns-is-layout-flex\">\n<div class=\"wp-block-column is-layout-flow wp-block-column-is-layout-flow\" style=\"flex-basis:66.66%\"><ul class=\"wp-block-latest-posts__list aligncenter wp-block-latest-posts\"><\/ul><\/div>\n\n\n\n<div class=\"wp-block-column is-layout-flow wp-block-column-is-layout-flow\" style=\"flex-basis:33.33%\"><form role=\"search\" method=\"get\" action=\"https:\/\/varp.cz\/en\/\" class=\"wp-block-search__button-inside wp-block-search__icon-button wp-block-search\" data-trp-original-action=\"https:\/\/varp.cz\/en\/\"    ><label class=\"wp-block-search__label screen-reader-text\" for=\"wp-block-search__input-1\" >Search<\/label><div class=\"wp-block-search__inside-wrapper\" ><input class=\"wp-block-search__input\" id=\"wp-block-search__input-1\" placeholder=\"...\" value=\"\" type=\"search\" name=\"s\" required \/><button aria-label=\"Search\" class=\"wp-block-search__button has-icon wp-element-button\" type=\"submit\" ><svg class=\"search-icon\" viewbox=\"0 0 24 24\" width=\"24\" height=\"24\">\n\t\t\t\t\t<path d=\"M13 5c-3.3 0-6 2.7-6 6 0 1.4.5 2.7 1.3 3.7l-3.8 3.8 1.1 1.1 3.8-3.8c1 .8 2.3 1.3 3.7 1.3 3.3 0 6-2.7 6-6S16.3 5 13 5zm0 10.5c-2.5 0-4.5-2-4.5-4.5s2-4.5 4.5-4.5 4.5 2 4.5 4.5-2 4.5-4.5 4.5z\"><\/path>\n\t\t\t\t<\/svg><\/button><\/div><input type=\"hidden\" name=\"trp-form-language\" value=\"en\"\/><\/form>\n\n\n<script async=\"\" src=\"https:\/\/pagead2.googlesyndication.com\/pagead\/js\/adsbygoogle.js\"><\/script>\n<!-- sid 3 -->\n<ins class=\"adsbygoogle\" style=\"display:block\" data-ad-client=\"ca-pub-5164871371916149\" data-ad-slot=\"3365835026\" data-ad-format=\"auto\" data-full-width-responsive=\"true\"><\/ins>\n<script>\n     (adsbygoogle = window.adsbygoogle || []).push({});\n<\/script>\n\n\n\n<div style=\"height:100px\" aria-hidden=\"true\" class=\"wp-block-spacer\"><\/div>\n\n\n\n<a href=\"https:\/\/www.hanibal.cz\/lezeni-200#a_box=e5e7awkc\" rel=\"nofollow\">\n<img loading=\"lazy\" decoding=\"async\" src=\"https:\/\/affiliate.hanibal.cz\/data\/kampan\/1\/affil-lezeni-300x300.png\" width=\"300\" height=\"300\" alt=\"\">\n<\/a>\n\n\n\n<div style=\"height:100px\" aria-hidden=\"true\" class=\"wp-block-spacer\"><\/div>\n\n\n\n<figure class=\"wp-block-image size-large\"><img loading=\"lazy\" decoding=\"async\" width=\"683\" height=\"1024\" src=\"http:\/\/varp.cz\/wp-content\/uploads\/2021\/09\/IMG_1775-683x1024.jpg\" alt=\"Za\u010d\u00edn\u00e1me s venkovn\u00edm lezen\u00edm na skal\u00e1ach\" class=\"wp-image-3869\" srcset=\"https:\/\/varp.cz\/wp-content\/uploads\/2021\/09\/IMG_1775-683x1024.jpg 683w, https:\/\/varp.cz\/wp-content\/uploads\/2021\/09\/IMG_1775-200x300.jpg 200w, https:\/\/varp.cz\/wp-content\/uploads\/2021\/09\/IMG_1775-768x1152.jpg 768w, https:\/\/varp.cz\/wp-content\/uploads\/2021\/09\/IMG_1775-1024x1536.jpg 1024w, https:\/\/varp.cz\/wp-content\/uploads\/2021\/09\/IMG_1775-1365x2048.jpg 1365w, https:\/\/varp.cz\/wp-content\/uploads\/2021\/09\/IMG_1775-600x900.jpg 600w, https:\/\/varp.cz\/wp-content\/uploads\/2021\/09\/IMG_1775-scaled.jpg 1707w\" sizes=\"auto, (max-width: 683px) 100vw, 683px\" \/><\/figure>\n\n\n\n<div style=\"height:100px\" aria-hidden=\"true\" class=\"wp-block-spacer\"><\/div>\n\n\n\n<script async=\"\" src=\"https:\/\/pagead2.googlesyndication.com\/pagead\/js\/adsbygoogle.js\"><\/script>\n<!-- sid 3 -->\n<ins class=\"adsbygoogle\" style=\"display:block\" data-ad-client=\"ca-pub-5164871371916149\" data-ad-slot=\"3365835026\" data-ad-format=\"auto\" data-full-width-responsive=\"true\"><\/ins>\n<script>\n     (adsbygoogle = window.adsbygoogle || []).push({});\n<\/script>\n<\/div>\n<\/div>","protected":false},"excerpt":{"rendered":"","protected":false},"author":1,"featured_media":0,"parent":0,"menu_order":0,"comment_status":"closed","ping_status":"closed","template":"","meta":{"_acf_changed":false,"rop_custom_images_group":[],"rop_custom_messages_group":[],"rop_publish_now":"initial","rop_publish_now_accounts":{"facebook_3757179584331251_101591145351256":""},"rop_publish_now_history":[],"rop_publish_now_status":"pending","_uag_custom_page_level_css":"","advgb_blocks_editor_width":"","advgb_blocks_columns_visual_guide":"","cybocfi_hide_featured_image":"","footnotes":""},"class_list":["post-4057","page","type-page","status-publish","hentry"],"acf":[],"yoast_head":"<!-- This site is optimized with the Yoast SEO plugin v26.4 - https:\/\/yoast.com\/wordpress\/plugins\/seo\/ -->\n<title>Sout\u011b\u017ee - VARP<\/title>\n<meta name=\"robots\" content=\"index, follow, max-snippet:-1, max-image-preview:large, max-video-preview:-1\" \/>\n<link rel=\"canonical\" href=\"https:\/\/varp.cz\/en\/souteze\/\" \/>\n<meta property=\"og:locale\" content=\"en_US\" \/>\n<meta property=\"og:type\" content=\"article\" \/>\n<meta property=\"og:title\" content=\"Sout\u011b\u017ee - VARP\" \/>\n<meta property=\"og:url\" content=\"https:\/\/varp.cz\/en\/souteze\/\" \/>\n<meta property=\"og:site_name\" content=\"VARP\" \/>\n<meta property=\"article:publisher\" content=\"https:\/\/www.facebook.com\/Aholdclimbing\/\" \/>\n<meta property=\"article:modified_time\" content=\"2021-09-12T19:33:37+00:00\" \/>\n<meta property=\"og:image\" content=\"https:\/\/affiliate.hanibal.cz\/data\/kampan\/1\/affil-lezeni-300x300.png\" \/>\n<meta name=\"twitter:card\" content=\"summary_large_image\" \/>\n<meta name=\"twitter:label1\" content=\"Est. reading time\" \/>\n\t<meta name=\"twitter:data1\" content=\"1 minute\" \/>\n<script type=\"application\/ld+json\" class=\"yoast-schema-graph\">{\"@context\":\"https:\/\/schema.org\",\"@graph\":[{\"@type\":\"WebPage\",\"@id\":\"https:\/\/varp.cz\/souteze\/\",\"url\":\"https:\/\/varp.cz\/souteze\/\",\"name\":\"Sout\u011b\u017ee - VARP\",\"isPartOf\":{\"@id\":\"https:\/\/varp.cz\/#website\"},\"primaryImageOfPage\":{\"@id\":\"https:\/\/varp.cz\/souteze\/#primaryimage\"},\"image\":{\"@id\":\"https:\/\/varp.cz\/souteze\/#primaryimage\"},\"thumbnailUrl\":\"https:\/\/affiliate.hanibal.cz\/data\/kampan\/1\/affil-lezeni-300x300.png\",\"datePublished\":\"2021-09-12T19:16:28+00:00\",\"dateModified\":\"2021-09-12T19:33:37+00:00\",\"breadcrumb\":{\"@id\":\"https:\/\/varp.cz\/souteze\/#breadcrumb\"},\"inLanguage\":\"en-US\",\"potentialAction\":[{\"@type\":\"ReadAction\",\"target\":[\"https:\/\/varp.cz\/souteze\/\"]}]},{\"@type\":\"ImageObject\",\"inLanguage\":\"en-US\",\"@id\":\"https:\/\/varp.cz\/souteze\/#primaryimage\",\"url\":\"https:\/\/affiliate.hanibal.cz\/data\/kampan\/1\/affil-lezeni-300x300.png\",\"contentUrl\":\"https:\/\/affiliate.hanibal.cz\/data\/kampan\/1\/affil-lezeni-300x300.png\"},{\"@type\":\"BreadcrumbList\",\"@id\":\"https:\/\/varp.cz\/souteze\/#breadcrumb\",\"itemListElement\":[{\"@type\":\"ListItem\",\"position\":1,\"name\":\"Home\",\"item\":\"https:\/\/varp.cz\/\"},{\"@type\":\"ListItem\",\"position\":2,\"name\":\"Sout\u011b\u017ee\"}]},{\"@type\":\"WebSite\",\"@id\":\"https:\/\/varp.cz\/#website\",\"url\":\"https:\/\/varp.cz\/\",\"name\":\"VARP\",\"description\":\"Bouldering, Lezen\u00ed na obt\u00ed\u017enost, topos\",\"publisher\":{\"@id\":\"https:\/\/varp.cz\/#organization\"},\"potentialAction\":[{\"@type\":\"SearchAction\",\"target\":{\"@type\":\"EntryPoint\",\"urlTemplate\":\"https:\/\/varp.cz\/?s={search_term_string}\"},\"query-input\":{\"@type\":\"PropertyValueSpecification\",\"valueRequired\":true,\"valueName\":\"search_term_string\"}}],\"inLanguage\":\"en-US\"},{\"@type\":\"Organization\",\"@id\":\"https:\/\/varp.cz\/#organization\",\"name\":\"Varianta RP\",\"url\":\"https:\/\/varp.cz\/\",\"logo\":{\"@type\":\"ImageObject\",\"inLanguage\":\"en-US\",\"@id\":\"https:\/\/varp.cz\/#\/schema\/logo\/image\/\",\"url\":\"https:\/\/i0.wp.com\/varp.cz\/wp-content\/uploads\/2021\/08\/Frame_76-removebg-preview-1.png?fit=962%2C259&ssl=1\",\"contentUrl\":\"https:\/\/i0.wp.com\/varp.cz\/wp-content\/uploads\/2021\/08\/Frame_76-removebg-preview-1.png?fit=962%2C259&ssl=1\",\"width\":962,\"height\":259,\"caption\":\"Varianta RP\"},\"image\":{\"@id\":\"https:\/\/varp.cz\/#\/schema\/logo\/image\/\"},\"sameAs\":[\"https:\/\/www.facebook.com\/Aholdclimbing\/\",\"https:\/\/www.instagram.com\/ahold_climbing\/\"]}]}<\/script>\n<!-- \/ Yoast SEO plugin. -->","yoast_head_json":{"title":"Sout\u011b\u017ee - VARP","robots":{"index":"index","follow":"follow","max-snippet":"max-snippet:-1","max-image-preview":"max-image-preview:large","max-video-preview":"max-video-preview:-1"},"canonical":"https:\/\/varp.cz\/en\/souteze\/","og_locale":"en_US","og_type":"article","og_title":"Sout\u011b\u017ee - VARP","og_url":"https:\/\/varp.cz\/en\/souteze\/","og_site_name":"VARP","article_publisher":"https:\/\/www.facebook.com\/Aholdclimbing\/","article_modified_time":"2021-09-12T19:33:37+00:00","og_image":[{"url":"https:\/\/affiliate.hanibal.cz\/data\/kampan\/1\/affil-lezeni-300x300.png","type":"","width":"","height":""}],"twitter_card":"summary_large_image","twitter_misc":{"Est. reading time":"1 minute"},"schema":{"@context":"https:\/\/schema.org","@graph":[{"@type":"WebPage","@id":"https:\/\/varp.cz\/souteze\/","url":"https:\/\/varp.cz\/souteze\/","name":"Sout\u011b\u017ee - VARP","isPartOf":{"@id":"https:\/\/varp.cz\/#website"},"primaryImageOfPage":{"@id":"https:\/\/varp.cz\/souteze\/#primaryimage"},"image":{"@id":"https:\/\/varp.cz\/souteze\/#primaryimage"},"thumbnailUrl":"https:\/\/affiliate.hanibal.cz\/data\/kampan\/1\/affil-lezeni-300x300.png","datePublished":"2021-09-12T19:16:28+00:00","dateModified":"2021-09-12T19:33:37+00:00","breadcrumb":{"@id":"https:\/\/varp.cz\/souteze\/#breadcrumb"},"inLanguage":"en-US","potentialAction":[{"@type":"ReadAction","target":["https:\/\/varp.cz\/souteze\/"]}]},{"@type":"ImageObject","inLanguage":"en-US","@id":"https:\/\/varp.cz\/souteze\/#primaryimage","url":"https:\/\/affiliate.hanibal.cz\/data\/kampan\/1\/affil-lezeni-300x300.png","contentUrl":"https:\/\/affiliate.hanibal.cz\/data\/kampan\/1\/affil-lezeni-300x300.png"},{"@type":"BreadcrumbList","@id":"https:\/\/varp.cz\/souteze\/#breadcrumb","itemListElement":[{"@type":"ListItem","position":1,"name":"Home","item":"https:\/\/varp.cz\/"},{"@type":"ListItem","position":2,"name":"Sout\u011b\u017ee"}]},{"@type":"WebSite","@id":"https:\/\/varp.cz\/#website","url":"https:\/\/varp.cz\/","name":"WARP","description":"Bouldering, Climbing on difficulty, topos","publisher":{"@id":"https:\/\/varp.cz\/#organization"},"potentialAction":[{"@type":"SearchAction","target":{"@type":"EntryPoint","urlTemplate":"https:\/\/varp.cz\/?s={search_term_string}"},"query-input":{"@type":"PropertyValueSpecification","valueRequired":true,"valueName":"search_term_string"}}],"inLanguage":"en-US"},{"@type":"Organization","@id":"https:\/\/varp.cz\/#organization","name":"Varianta RP","url":"https:\/\/varp.cz\/","logo":{"@type":"ImageObject","inLanguage":"en-US","@id":"https:\/\/varp.cz\/#\/schema\/logo\/image\/","url":"https:\/\/i0.wp.com\/varp.cz\/wp-content\/uploads\/2021\/08\/Frame_76-removebg-preview-1.png?fit=962%2C259&ssl=1","contentUrl":"https:\/\/i0.wp.com\/varp.cz\/wp-content\/uploads\/2021\/08\/Frame_76-removebg-preview-1.png?fit=962%2C259&ssl=1","width":962,"height":259,"caption":"Varianta RP"},"image":{"@id":"https:\/\/varp.cz\/#\/schema\/logo\/image\/"},"sameAs":["https:\/\/www.facebook.com\/Aholdclimbing\/","https:\/\/www.instagram.com\/ahold_climbing\/"]}]}},"uagb_featured_image_src":{"full":false,"thumbnail":false,"medium":false,"medium_large":false,"large":false,"1536x1536":false,"2048x2048":false,"trp-custom-language-flag":false,"post-thumbnail":false,"poseidon-header-image":false,"poseidon-thumbnail-small":false,"poseidon-thumbnail-medium":false,"poseidon-thumbnail-large":false,"poseidon-thumbnail-single":false},"uagb_author_info":{"display_name":"VARP t\u00fdm","author_link":"https:\/\/varp.cz\/en\/author\/administrator\/"},"uagb_comment_info":0,"uagb_excerpt":null,"coauthors":[],"author_meta":{"author_link":"https:\/\/varp.cz\/en\/author\/administrator\/","display_name":"VARP t\u00fdm"},"relative_dates":{"created":"Posted 5 years ago","modified":"Updated 5 years ago"},"absolute_dates":{"created":"Posted on September 12, 2021","modified":"Updated on September 12, 2021"},"absolute_dates_time":{"created":"Posted on September 12, 2021 9:16 pm","modified":"Updated on September 12, 2021 9:33 pm"},"featured_img_caption":"","featured_img":false,"series_order":"","_links":{"self":[{"href":"https:\/\/varp.cz\/en\/wp-json\/wp\/v2\/pages\/4057","targetHints":{"allow":["GET"]}}],"collection":[{"href":"https:\/\/varp.cz\/en\/wp-json\/wp\/v2\/pages"}],"about":[{"href":"https:\/\/varp.cz\/en\/wp-json\/wp\/v2\/types\/page"}],"author":[{"embeddable":true,"href":"https:\/\/varp.cz\/en\/wp-json\/wp\/v2\/users\/1"}],"replies":[{"embeddable":true,"href":"https:\/\/varp.cz\/en\/wp-json\/wp\/v2\/comments?post=4057"}],"version-history":[{"count":0,"href":"https:\/\/varp.cz\/en\/wp-json\/wp\/v2\/pages\/4057\/revisions"}],"wp:attachment":[{"href":"https:\/\/varp.cz\/en\/wp-json\/wp\/v2\/media?parent=4057"}],"curies":[{"name":"wp","href":"https:\/\/api.w.org\/{rel}","templated":true}]}}