{"id":4782,"date":"2022-04-07T21:51:44","date_gmt":"2022-04-07T19:51:44","guid":{"rendered":"https:\/\/varp.cz\/?page_id=4782"},"modified":"2022-06-29T16:27:17","modified_gmt":"2022-06-29T14:27:17","slug":"komunita","status":"publish","type":"page","link":"https:\/\/varp.cz\/en\/komunita\/","title":{"rendered":"Community"},"content":{"rendered":"<div style=\"height:100px\" aria-hidden=\"true\" class=\"wp-block-spacer\"><\/div>\n\n\n\n<div class=\"wp-block-query is-layout-flow wp-block-query-is-layout-flow\"><ul class=\"wp-block-post-template is-layout-flow wp-block-post-template-is-layout-flow\"><li class=\"wp-block-post post-12293 post type-post status-publish format-standard has-post-thumbnail hentry category-komunita\">\n\n<div class=\"wp-block-columns alignwide is-layout-flex wp-container-core-columns-is-layout-9d6595d7 wp-block-columns-is-layout-flex\">\n<div class=\"wp-block-column is-layout-flow wp-block-column-is-layout-flow\" style=\"flex-basis:66.66%\"><figure class=\"wp-block-post-featured-image\"><a href=\"https:\/\/varp.cz\/en\/vanocni-pauza-a-plany-2025\/\" target=\"_self\"  ><img loading=\"lazy\" decoding=\"async\" width=\"840\" height=\"560\" src=\"https:\/\/varp.cz\/wp-content\/uploads\/2024\/12\/RAFIKI_City_is_your_playground_2024_10_by_Kuba_Zeman-1020753-840x560.jpg\" class=\"attachment-post-thumbnail size-post-thumbnail wp-post-image\" alt=\"V\u00e1no\u010dn\u00ed pauza a pl\u00e1ny 2025\" style=\"object-fit:cover;\" srcset=\"https:\/\/varp.cz\/wp-content\/uploads\/2024\/12\/RAFIKI_City_is_your_playground_2024_10_by_Kuba_Zeman-1020753-840x560.jpg 840w, https:\/\/varp.cz\/wp-content\/uploads\/2024\/12\/RAFIKI_City_is_your_playground_2024_10_by_Kuba_Zeman-1020753-300x200.jpg 300w, https:\/\/varp.cz\/wp-content\/uploads\/2024\/12\/RAFIKI_City_is_your_playground_2024_10_by_Kuba_Zeman-1020753-1024x683.jpg 1024w, https:\/\/varp.cz\/wp-content\/uploads\/2024\/12\/RAFIKI_City_is_your_playground_2024_10_by_Kuba_Zeman-1020753-768x513.jpg 768w, https:\/\/varp.cz\/wp-content\/uploads\/2024\/12\/RAFIKI_City_is_your_playground_2024_10_by_Kuba_Zeman-1020753-1536x1025.jpg 1536w, https:\/\/varp.cz\/wp-content\/uploads\/2024\/12\/RAFIKI_City_is_your_playground_2024_10_by_Kuba_Zeman-1020753-2048x1367.jpg 2048w, https:\/\/varp.cz\/wp-content\/uploads\/2024\/12\/RAFIKI_City_is_your_playground_2024_10_by_Kuba_Zeman-1020753-18x12.jpg 18w, https:\/\/varp.cz\/wp-content\/uploads\/2024\/12\/RAFIKI_City_is_your_playground_2024_10_by_Kuba_Zeman-1020753-120x80.jpg 120w, https:\/\/varp.cz\/wp-content\/uploads\/2024\/12\/RAFIKI_City_is_your_playground_2024_10_by_Kuba_Zeman-1020753-360x240.jpg 360w, https:\/\/varp.cz\/wp-content\/uploads\/2024\/12\/RAFIKI_City_is_your_playground_2024_10_by_Kuba_Zeman-1020753-600x400.jpg 600w\" sizes=\"auto, (max-width: 840px) 100vw, 840px\" \/><\/a><\/figure><\/div>\n\n\n\n<div class=\"wp-block-column is-layout-flow wp-block-column-is-layout-flow\" style=\"flex-basis:33.33%\"><h2 class=\"wp-block-post-title\"><a href=\"https:\/\/varp.cz\/en\/vanocni-pauza-a-plany-2025\/\" target=\"_self\" >V\u00e1no\u010dn\u00ed pauza a pl\u00e1ny 2025<\/a><\/h2>\n\n<div class=\"wp-block-post-excerpt\"><p class=\"wp-block-post-excerpt__excerpt\">D\u011bkujeme V\u00e1m v\u0161em za rok 2024! D\u00e1l se dov\u00edte, \u017ee n\u00e1s \u010dek\u00e1 V\u00e1no\u010dn\u00ed pauza a pl\u00e1ny 2025. Alias co pl\u00e1nujeme a pot\u0159ebujem oraz! 2025 ZDAR! <\/p><\/div><\/div>\n<\/div>\n\n<\/li><li class=\"wp-block-post post-11683 post type-post status-publish format-standard has-post-thumbnail hentry category-komunita\">\n\n<div class=\"wp-block-columns alignwide is-layout-flex wp-container-core-columns-is-layout-9d6595d7 wp-block-columns-is-layout-flex\">\n<div class=\"wp-block-column is-layout-flow wp-block-column-is-layout-flow\" style=\"flex-basis:66.66%\"><figure class=\"wp-block-post-featured-image\"><a href=\"https:\/\/varp.cz\/en\/zmena-pravidel-na-smichoff\/\" target=\"_self\"  ><img loading=\"lazy\" decoding=\"async\" width=\"840\" height=\"349\" src=\"https:\/\/varp.cz\/wp-content\/uploads\/2021\/08\/boulder-1-840x349.jpg\" class=\"attachment-post-thumbnail size-post-thumbnail wp-post-image\" alt=\"Zm\u011bna pravidel na Sm\u00edchOFF\" style=\"object-fit:cover;\" \/><\/a><\/figure><\/div>\n\n\n\n<div class=\"wp-block-column is-layout-flow wp-block-column-is-layout-flow\" style=\"flex-basis:33.33%\"><h2 class=\"wp-block-post-title\"><a href=\"https:\/\/varp.cz\/en\/zmena-pravidel-na-smichoff\/\" target=\"_self\" >Zm\u011bna pravidel na Sm\u00edchOFF<\/a><\/h2>\n\n<div class=\"wp-block-post-excerpt\"><p class=\"wp-block-post-excerpt__excerpt\">Zm\u011bna pravidel na Sm\u00edchOFF\u011b je krok k zm\u00edrn\u011bn\u00ed \u00farazovosti na st\u011bn\u011b a z\u00e1rove\u0148 zaji\u0161t\u011bn\u00ed objektivn\u00edho bezpe\u010d\u00ed pro ostatn\u00ed lezce&#8230; <\/p><\/div><\/div>\n<\/div>\n\n<\/li><li class=\"wp-block-post post-11621 post type-post status-publish format-standard has-post-thumbnail hentry category-komunita\">\n\n<div class=\"wp-block-columns alignwide is-layout-flex wp-container-core-columns-is-layout-9d6595d7 wp-block-columns-is-layout-flex\">\n<div class=\"wp-block-column is-layout-flow wp-block-column-is-layout-flow\" style=\"flex-basis:66.66%\"><figure class=\"wp-block-post-featured-image\"><a href=\"https:\/\/varp.cz\/en\/konec-letni-pauzy\/\" target=\"_self\"  ><img loading=\"lazy\" decoding=\"async\" width=\"840\" height=\"560\" src=\"https:\/\/varp.cz\/wp-content\/uploads\/2024\/09\/20231107-RFK-Sarka-resize-136-840x560.jpg\" class=\"attachment-post-thumbnail size-post-thumbnail wp-post-image\" alt=\"Konec letn\u00ed pauzy\" style=\"object-fit:cover;\" srcset=\"https:\/\/varp.cz\/wp-content\/uploads\/2024\/09\/20231107-RFK-Sarka-resize-136-840x560.jpg 840w, https:\/\/varp.cz\/wp-content\/uploads\/2024\/09\/20231107-RFK-Sarka-resize-136-300x200.jpg 300w, https:\/\/varp.cz\/wp-content\/uploads\/2024\/09\/20231107-RFK-Sarka-resize-136-1024x683.jpg 1024w, https:\/\/varp.cz\/wp-content\/uploads\/2024\/09\/20231107-RFK-Sarka-resize-136-768x512.jpg 768w, https:\/\/varp.cz\/wp-content\/uploads\/2024\/09\/20231107-RFK-Sarka-resize-136-1536x1024.jpg 1536w, https:\/\/varp.cz\/wp-content\/uploads\/2024\/09\/20231107-RFK-Sarka-resize-136-18x12.jpg 18w, https:\/\/varp.cz\/wp-content\/uploads\/2024\/09\/20231107-RFK-Sarka-resize-136-120x80.jpg 120w, https:\/\/varp.cz\/wp-content\/uploads\/2024\/09\/20231107-RFK-Sarka-resize-136-360x240.jpg 360w, https:\/\/varp.cz\/wp-content\/uploads\/2024\/09\/20231107-RFK-Sarka-resize-136-600x400.jpg 600w, https:\/\/varp.cz\/wp-content\/uploads\/2024\/09\/20231107-RFK-Sarka-resize-136.jpg 1920w\" sizes=\"auto, (max-width: 840px) 100vw, 840px\" \/><\/a><\/figure><\/div>\n\n\n\n<div class=\"wp-block-column is-layout-flow wp-block-column-is-layout-flow\" style=\"flex-basis:33.33%\"><h2 class=\"wp-block-post-title\"><a href=\"https:\/\/varp.cz\/en\/konec-letni-pauzy\/\" target=\"_self\" >Konec letn\u00ed pauzy<\/a><\/h2>\n\n<div class=\"wp-block-post-excerpt\"><p class=\"wp-block-post-excerpt__excerpt\">Tak jsme zp\u011bt! Konec letn\u00ed pauzy je tu a \u010das sko\u010dit op\u011bt do pr\u00e1ce! Tady v\u00e1m d\u00e1v\u00e1me mal\u00fd insight do pl\u00e1n\u016f pro VARP na p\u016fl rok&#8230; <\/p><\/div><\/div>\n<\/div>\n\n<\/li><\/ul><\/div>\n\n\n\n<ul class=\"wp-block-social-links has-huge-icon-size has-icon-color is-style-logos-only is-horizontal is-content-justification-center is-layout-flex wp-container-core-social-links-is-layout-499968f5 wp-block-social-links-is-layout-flex\"><li class=\"wp-social-link wp-social-link-instagram  margin-right wp-block-social-link\"><a rel=\"noopener nofollow\" target=\"_blank\" href=\"https:\/\/www.instagram.com\/varp_climbing\/\" class=\"wp-block-social-link-anchor\"><svg width=\"24\" height=\"24\" viewbox=\"0 0 24 24\" version=\"1.1\" xmlns=\"http:\/\/www.w3.org\/2000\/svg\" aria-hidden=\"true\" focusable=\"false\"><path d=\"M12,4.622c2.403,0,2.688,0.009,3.637,0.052c0.877,0.04,1.354,0.187,1.671,0.31c0.42,0.163,0.72,0.358,1.035,0.673 c0.315,0.315,0.51,0.615,0.673,1.035c0.123,0.317,0.27,0.794,0.31,1.671c0.043,0.949,0.052,1.234,0.052,3.637 s-0.009,2.688-0.052,3.637c-0.04,0.877-0.187,1.354-0.31,1.671c-0.163,0.42-0.358,0.72-0.673,1.035 c-0.315,0.315-0.615,0.51-1.035,0.673c-0.317,0.123-0.794,0.27-1.671,0.31c-0.949,0.043-1.233,0.052-3.637,0.052 s-2.688-0.009-3.637-0.052c-0.877-0.04-1.354-0.187-1.671-0.31c-0.42-0.163-0.72-0.358-1.035-0.673 c-0.315-0.315-0.51-0.615-0.673-1.035c-0.123-0.317-0.27-0.794-0.31-1.671C4.631,14.688,4.622,14.403,4.622,12 s0.009-2.688,0.052-3.637c0.04-0.877,0.187-1.354,0.31-1.671c0.163-0.42,0.358-0.72,0.673-1.035 c0.315-0.315,0.615-0.51,1.035-0.673c0.317-0.123,0.794-0.27,1.671-0.31C9.312,4.631,9.597,4.622,12,4.622 M12,3 C9.556,3,9.249,3.01,8.289,3.054C7.331,3.098,6.677,3.25,6.105,3.472C5.513,3.702,5.011,4.01,4.511,4.511 c-0.5,0.5-0.808,1.002-1.038,1.594C3.25,6.677,3.098,7.331,3.054,8.289C3.01,9.249,3,9.556,3,12c0,2.444,0.01,2.751,0.054,3.711 c0.044,0.958,0.196,1.612,0.418,2.185c0.23,0.592,0.538,1.094,1.038,1.594c0.5,0.5,1.002,0.808,1.594,1.038 c0.572,0.222,1.227,0.375,2.185,0.418C9.249,20.99,9.556,21,12,21s2.751-0.01,3.711-0.054c0.958-0.044,1.612-0.196,2.185-0.418 c0.592-0.23,1.094-0.538,1.594-1.038c0.5-0.5,0.808-1.002,1.038-1.594c0.222-0.572,0.375-1.227,0.418-2.185 C20.99,14.751,21,14.444,21,12s-0.01-2.751-0.054-3.711c-0.044-0.958-0.196-1.612-0.418-2.185c-0.23-0.592-0.538-1.094-1.038-1.594 c-0.5-0.5-1.002-0.808-1.594-1.038c-0.572-0.222-1.227-0.375-2.185-0.418C14.751,3.01,14.444,3,12,3L12,3z M12,7.378 c-2.552,0-4.622,2.069-4.622,4.622S9.448,16.622,12,16.622s4.622-2.069,4.622-4.622S14.552,7.378,12,7.378z M12,15 c-1.657,0-3-1.343-3-3s1.343-3,3-3s3,1.343,3,3S13.657,15,12,15z M16.804,6.116c-0.596,0-1.08,0.484-1.08,1.08 s0.484,1.08,1.08,1.08c0.596,0,1.08-0.484,1.08-1.08S17.401,6.116,16.804,6.116z\"><\/path><\/svg><span class=\"wp-block-social-link-label screen-reader-text\">Instagram<\/span><\/a><\/li>\n\n<li class=\"wp-social-link wp-social-link-facebook  margin-right wp-block-social-link\"><a rel=\"noopener nofollow\" target=\"_blank\" href=\"https:\/\/www.facebook.com\/VariantaRP\/\" class=\"wp-block-social-link-anchor\"><svg width=\"24\" height=\"24\" viewbox=\"0 0 24 24\" version=\"1.1\" xmlns=\"http:\/\/www.w3.org\/2000\/svg\" aria-hidden=\"true\" focusable=\"false\"><path d=\"M12 2C6.5 2 2 6.5 2 12c0 5 3.7 9.1 8.4 9.9v-7H7.9V12h2.5V9.8c0-2.5 1.5-3.9 3.8-3.9 1.1 0 2.2.2 2.2.2v2.5h-1.3c-1.2 0-1.6.8-1.6 1.6V12h2.8l-.4 2.9h-2.3v7C18.3 21.1 22 17 22 12c0-5.5-4.5-10-10-10z\"><\/path><\/svg><span class=\"wp-block-social-link-label screen-reader-text\">Facebook<\/span><\/a><\/li>\n\n<li class=\"wp-social-link wp-social-link-patreon  margin-right wp-block-social-link\"><a rel=\"noopener nofollow\" target=\"_blank\" href=\"https:\/\/www.patreon.com\/varp\" class=\"wp-block-social-link-anchor\"><svg width=\"24\" height=\"24\" viewbox=\"0 0 24 24\" version=\"1.1\" xmlns=\"http:\/\/www.w3.org\/2000\/svg\" aria-hidden=\"true\" focusable=\"false\"><path d=\"M20 8.40755C19.9969 6.10922 18.2543 4.22555 16.2097 3.54588C13.6708 2.70188 10.3222 2.82421 7.89775 3.99921C4.95932 5.42355 4.03626 8.54355 4.00186 11.6552C3.97363 14.2136 4.2222 20.9517 7.92225 20.9997C10.6715 21.0356 11.0809 17.3967 12.3529 15.6442C13.258 14.3974 14.4233 14.0452 15.8578 13.6806C18.3233 13.0537 20.0036 11.0551 20 8.40755Z\" \/><\/svg><span class=\"wp-block-social-link-label screen-reader-text\">Patreon<\/span><\/a><\/li>\n\n<li class=\"wp-social-link wp-social-link-chain  margin-right wp-block-social-link\"><a rel=\"noopener nofollow\" target=\"_blank\" href=\"https:\/\/discord.gg\/kfcUk7sNAW\" class=\"wp-block-social-link-anchor\"><svg width=\"24\" height=\"24\" viewbox=\"0 0 24 24\" version=\"1.1\" xmlns=\"http:\/\/www.w3.org\/2000\/svg\" aria-hidden=\"true\" focusable=\"false\"><path d=\"M15.6,7.2H14v1.5h1.6c2,0,3.7,1.7,3.7,3.7s-1.7,3.7-3.7,3.7H14v1.5h1.6c2.8,0,5.2-2.3,5.2-5.2,0-2.9-2.3-5.2-5.2-5.2zM4.7,12.4c0-2,1.7-3.7,3.7-3.7H10V7.2H8.4c-2.9,0-5.2,2.3-5.2,5.2,0,2.9,2.3,5.2,5.2,5.2H10v-1.5H8.4c-2,0-3.7-1.7-3.7-3.7zm4.6.9h5.3v-1.5H9.3v1.5z\"><\/path><\/svg><span class=\"wp-block-social-link-label screen-reader-text\">Link<\/span><\/a><\/li>\n\n<li class=\"wp-social-link wp-social-link-mail  margin-right wp-block-social-link\"><a rel=\"noopener nofollow\" target=\"_blank\" href=\"mailto:&#114;&#101;&#100;a&#107;&#099;e&#064;&#118;&#097;rp&#046;c&#122;\" class=\"wp-block-social-link-anchor\"><svg width=\"24\" height=\"24\" viewbox=\"0 0 24 24\" version=\"1.1\" xmlns=\"http:\/\/www.w3.org\/2000\/svg\" aria-hidden=\"true\" focusable=\"false\"><path d=\"M19,5H5c-1.1,0-2,.9-2,2v10c0,1.1.9,2,2,2h14c1.1,0,2-.9,2-2V7c0-1.1-.9-2-2-2zm.5,12c0,.3-.2.5-.5.5H5c-.3,0-.5-.2-.5-.5V9.8l7.5,5.6,7.5-5.6V17zm0-9.1L12,13.6,4.5,7.9V7c0-.3.2-.5.5-.5h14c.3,0,.5.2.5.5v.9z\"><\/path><\/svg><span class=\"wp-block-social-link-label screen-reader-text\">Mail<\/span><\/a><\/li><\/ul>\n\n\n\n<div style=\"height:50px\" aria-hidden=\"true\" class=\"wp-block-spacer\"><\/div>\n\n\n\n<h2 class=\"has-text-align-center wp-block-heading\" style=\"font-size:25px;font-style:normal;font-weight:600\">We cooperate with:<\/h2>\n\n\n\n<hr class=\"wp-block-separator has-text-color has-css-opacity has-background is-style-wide\" style=\"background-color:#292929;color:#292929\"\/>\n\n\n\n<div class=\"wp-block-columns is-layout-flex wp-container-core-columns-is-layout-9d6595d7 wp-block-columns-is-layout-flex\">\n<div class=\"wp-block-column is-layout-flow wp-block-column-is-layout-flow\"><div class=\"wp-block-image\">\n<figure class=\"aligncenter size-full is-resized\"><a href=\"https:\/\/27crags.com\/teams\/varianta\"><img loading=\"lazy\" decoding=\"async\" src=\"https:\/\/varp.cz\/wp-content\/uploads\/2022\/05\/download.jpg\" alt=\"\" class=\"wp-image-5118\" width=\"150\" height=\"150\" srcset=\"https:\/\/varp.cz\/wp-content\/uploads\/2022\/05\/download.jpg 225w, https:\/\/varp.cz\/wp-content\/uploads\/2022\/05\/download-150x150.jpg 150w, https:\/\/varp.cz\/wp-content\/uploads\/2022\/05\/download-100x100.jpg 100w\" sizes=\"auto, (max-width: 150px) 100vw, 150px\" \/><\/a><\/figure>\n<\/div><\/div>\n\n\n\n<div class=\"wp-block-column is-vertically-aligned-top is-layout-flow wp-block-column-is-layout-flow\"><div class=\"wp-block-image\">\n<figure class=\"aligncenter size-large is-resized\"><a href=\"https:\/\/27crags.com\/teams\/preklizkar\"><img loading=\"lazy\" decoding=\"async\" src=\"https:\/\/varp.cz\/wp-content\/uploads\/2022\/05\/Instagram-post-1-1024x1024.jpg\" alt=\"\" class=\"wp-image-5125\" width=\"150\" height=\"150\" srcset=\"https:\/\/varp.cz\/wp-content\/uploads\/2022\/05\/Instagram-post-1-1024x1024.jpg 1024w, https:\/\/varp.cz\/wp-content\/uploads\/2022\/05\/Instagram-post-1-300x300.jpg 300w, https:\/\/varp.cz\/wp-content\/uploads\/2022\/05\/Instagram-post-1-150x150.jpg 150w, https:\/\/varp.cz\/wp-content\/uploads\/2022\/05\/Instagram-post-1-768x768.jpg 768w, https:\/\/varp.cz\/wp-content\/uploads\/2022\/05\/Instagram-post-1-600x600.jpg 600w, https:\/\/varp.cz\/wp-content\/uploads\/2022\/05\/Instagram-post-1-100x100.jpg 100w, https:\/\/varp.cz\/wp-content\/uploads\/2022\/05\/Instagram-post-1.jpg 1080w\" sizes=\"auto, (max-width: 150px) 100vw, 150px\" \/><\/a><\/figure>\n<\/div><\/div>\n<\/div>\n\n\n\n<div style=\"height:100px\" aria-hidden=\"true\" class=\"wp-block-spacer\"><\/div>","protected":false},"excerpt":{"rendered":"<p>We cooperate with:<\/p>","protected":false},"author":1,"featured_media":0,"parent":0,"menu_order":0,"comment_status":"closed","ping_status":"closed","template":"","meta":{"_acf_changed":false,"rop_custom_images_group":[],"rop_custom_messages_group":[],"rop_publish_now":"initial","rop_publish_now_accounts":{"facebook_3757179584331251_101591145351256":""},"rop_publish_now_history":[],"rop_publish_now_status":"pending","_uag_custom_page_level_css":"","advgb_blocks_editor_width":"","advgb_blocks_columns_visual_guide":"","cybocfi_hide_featured_image":"","footnotes":""},"class_list":["post-4782","page","type-page","status-publish","hentry"],"acf":[],"yoast_head":"<!-- This site is optimized with the Yoast SEO plugin v26.4 - https:\/\/yoast.com\/wordpress\/plugins\/seo\/ -->\n<title>Komunita - VARP<\/title>\n<meta name=\"robots\" content=\"index, follow, max-snippet:-1, max-image-preview:large, max-video-preview:-1\" \/>\n<link rel=\"canonical\" href=\"https:\/\/varp.cz\/en\/komunita\/\" \/>\n<meta property=\"og:locale\" content=\"en_US\" \/>\n<meta property=\"og:type\" content=\"article\" \/>\n<meta property=\"og:title\" content=\"Komunita - VARP\" \/>\n<meta property=\"og:description\" content=\"Spolupracujeme s:\" \/>\n<meta property=\"og:url\" content=\"https:\/\/varp.cz\/en\/komunita\/\" \/>\n<meta property=\"og:site_name\" content=\"VARP\" \/>\n<meta property=\"article:publisher\" content=\"https:\/\/www.facebook.com\/Aholdclimbing\/\" \/>\n<meta property=\"article:modified_time\" content=\"2022-06-29T14:27:17+00:00\" \/>\n<meta property=\"og:image\" content=\"https:\/\/varp.cz\/wp-content\/uploads\/2022\/05\/download.jpg\" \/>\n<meta name=\"twitter:card\" content=\"summary_large_image\" \/>\n<meta name=\"twitter:label1\" content=\"Est. reading time\" \/>\n\t<meta name=\"twitter:data1\" content=\"1 minute\" \/>\n<script type=\"application\/ld+json\" class=\"yoast-schema-graph\">{\"@context\":\"https:\/\/schema.org\",\"@graph\":[{\"@type\":\"WebPage\",\"@id\":\"https:\/\/varp.cz\/komunita\/\",\"url\":\"https:\/\/varp.cz\/komunita\/\",\"name\":\"Komunita - VARP\",\"isPartOf\":{\"@id\":\"https:\/\/varp.cz\/#website\"},\"primaryImageOfPage\":{\"@id\":\"https:\/\/varp.cz\/komunita\/#primaryimage\"},\"image\":{\"@id\":\"https:\/\/varp.cz\/komunita\/#primaryimage\"},\"thumbnailUrl\":\"https:\/\/varp.cz\/wp-content\/uploads\/2022\/05\/download.jpg\",\"datePublished\":\"2022-04-07T19:51:44+00:00\",\"dateModified\":\"2022-06-29T14:27:17+00:00\",\"breadcrumb\":{\"@id\":\"https:\/\/varp.cz\/komunita\/#breadcrumb\"},\"inLanguage\":\"en-US\",\"potentialAction\":[{\"@type\":\"ReadAction\",\"target\":[\"https:\/\/varp.cz\/komunita\/\"]}]},{\"@type\":\"ImageObject\",\"inLanguage\":\"en-US\",\"@id\":\"https:\/\/varp.cz\/komunita\/#primaryimage\",\"url\":\"https:\/\/varp.cz\/wp-content\/uploads\/2022\/05\/download.jpg\",\"contentUrl\":\"https:\/\/varp.cz\/wp-content\/uploads\/2022\/05\/download.jpg\"},{\"@type\":\"BreadcrumbList\",\"@id\":\"https:\/\/varp.cz\/komunita\/#breadcrumb\",\"itemListElement\":[{\"@type\":\"ListItem\",\"position\":1,\"name\":\"Home\",\"item\":\"https:\/\/varp.cz\/\"},{\"@type\":\"ListItem\",\"position\":2,\"name\":\"Komunita\"}]},{\"@type\":\"WebSite\",\"@id\":\"https:\/\/varp.cz\/#website\",\"url\":\"https:\/\/varp.cz\/\",\"name\":\"VARP\",\"description\":\"Bouldering, Lezen\u00ed na obt\u00ed\u017enost, topos\",\"publisher\":{\"@id\":\"https:\/\/varp.cz\/#organization\"},\"potentialAction\":[{\"@type\":\"SearchAction\",\"target\":{\"@type\":\"EntryPoint\",\"urlTemplate\":\"https:\/\/varp.cz\/?s={search_term_string}\"},\"query-input\":{\"@type\":\"PropertyValueSpecification\",\"valueRequired\":true,\"valueName\":\"search_term_string\"}}],\"inLanguage\":\"en-US\"},{\"@type\":\"Organization\",\"@id\":\"https:\/\/varp.cz\/#organization\",\"name\":\"Varianta RP\",\"url\":\"https:\/\/varp.cz\/\",\"logo\":{\"@type\":\"ImageObject\",\"inLanguage\":\"en-US\",\"@id\":\"https:\/\/varp.cz\/#\/schema\/logo\/image\/\",\"url\":\"https:\/\/i0.wp.com\/varp.cz\/wp-content\/uploads\/2021\/08\/Frame_76-removebg-preview-1.png?fit=962%2C259&ssl=1\",\"contentUrl\":\"https:\/\/i0.wp.com\/varp.cz\/wp-content\/uploads\/2021\/08\/Frame_76-removebg-preview-1.png?fit=962%2C259&ssl=1\",\"width\":962,\"height\":259,\"caption\":\"Varianta RP\"},\"image\":{\"@id\":\"https:\/\/varp.cz\/#\/schema\/logo\/image\/\"},\"sameAs\":[\"https:\/\/www.facebook.com\/Aholdclimbing\/\",\"https:\/\/www.instagram.com\/ahold_climbing\/\"]}]}<\/script>\n<!-- \/ Yoast SEO plugin. -->","yoast_head_json":{"title":"Komunita - VARP","robots":{"index":"index","follow":"follow","max-snippet":"max-snippet:-1","max-image-preview":"max-image-preview:large","max-video-preview":"max-video-preview:-1"},"canonical":"https:\/\/varp.cz\/en\/komunita\/","og_locale":"en_US","og_type":"article","og_title":"Komunita - VARP","og_description":"Spolupracujeme s:","og_url":"https:\/\/varp.cz\/en\/komunita\/","og_site_name":"VARP","article_publisher":"https:\/\/www.facebook.com\/Aholdclimbing\/","article_modified_time":"2022-06-29T14:27:17+00:00","og_image":[{"url":"https:\/\/varp.cz\/wp-content\/uploads\/2022\/05\/download.jpg","type":"","width":"","height":""}],"twitter_card":"summary_large_image","twitter_misc":{"Est. reading time":"1 minute"},"schema":{"@context":"https:\/\/schema.org","@graph":[{"@type":"WebPage","@id":"https:\/\/varp.cz\/komunita\/","url":"https:\/\/varp.cz\/komunita\/","name":"Komunita - VARP","isPartOf":{"@id":"https:\/\/varp.cz\/#website"},"primaryImageOfPage":{"@id":"https:\/\/varp.cz\/komunita\/#primaryimage"},"image":{"@id":"https:\/\/varp.cz\/komunita\/#primaryimage"},"thumbnailUrl":"https:\/\/varp.cz\/wp-content\/uploads\/2022\/05\/download.jpg","datePublished":"2022-04-07T19:51:44+00:00","dateModified":"2022-06-29T14:27:17+00:00","breadcrumb":{"@id":"https:\/\/varp.cz\/komunita\/#breadcrumb"},"inLanguage":"en-US","potentialAction":[{"@type":"ReadAction","target":["https:\/\/varp.cz\/komunita\/"]}]},{"@type":"ImageObject","inLanguage":"en-US","@id":"https:\/\/varp.cz\/komunita\/#primaryimage","url":"https:\/\/varp.cz\/wp-content\/uploads\/2022\/05\/download.jpg","contentUrl":"https:\/\/varp.cz\/wp-content\/uploads\/2022\/05\/download.jpg"},{"@type":"BreadcrumbList","@id":"https:\/\/varp.cz\/komunita\/#breadcrumb","itemListElement":[{"@type":"ListItem","position":1,"name":"Home","item":"https:\/\/varp.cz\/"},{"@type":"ListItem","position":2,"name":"Komunita"}]},{"@type":"WebSite","@id":"https:\/\/varp.cz\/#website","url":"https:\/\/varp.cz\/","name":"WARP","description":"Bouldering, Climbing on difficulty, topos","publisher":{"@id":"https:\/\/varp.cz\/#organization"},"potentialAction":[{"@type":"SearchAction","target":{"@type":"EntryPoint","urlTemplate":"https:\/\/varp.cz\/?s={search_term_string}"},"query-input":{"@type":"PropertyValueSpecification","valueRequired":true,"valueName":"search_term_string"}}],"inLanguage":"en-US"},{"@type":"Organization","@id":"https:\/\/varp.cz\/#organization","name":"Varianta RP","url":"https:\/\/varp.cz\/","logo":{"@type":"ImageObject","inLanguage":"en-US","@id":"https:\/\/varp.cz\/#\/schema\/logo\/image\/","url":"https:\/\/i0.wp.com\/varp.cz\/wp-content\/uploads\/2021\/08\/Frame_76-removebg-preview-1.png?fit=962%2C259&ssl=1","contentUrl":"https:\/\/i0.wp.com\/varp.cz\/wp-content\/uploads\/2021\/08\/Frame_76-removebg-preview-1.png?fit=962%2C259&ssl=1","width":962,"height":259,"caption":"Varianta RP"},"image":{"@id":"https:\/\/varp.cz\/#\/schema\/logo\/image\/"},"sameAs":["https:\/\/www.facebook.com\/Aholdclimbing\/","https:\/\/www.instagram.com\/ahold_climbing\/"]}]}},"uagb_featured_image_src":{"full":false,"thumbnail":false,"medium":false,"medium_large":false,"large":false,"1536x1536":false,"2048x2048":false,"trp-custom-language-flag":false,"post-thumbnail":false,"poseidon-header-image":false,"poseidon-thumbnail-small":false,"poseidon-thumbnail-medium":false,"poseidon-thumbnail-large":false,"poseidon-thumbnail-single":false},"uagb_author_info":{"display_name":"VARP t\u00fdm","author_link":"https:\/\/varp.cz\/en\/author\/administrator\/"},"uagb_comment_info":0,"uagb_excerpt":"Spolupracujeme s:","coauthors":[],"author_meta":{"author_link":"https:\/\/varp.cz\/en\/author\/administrator\/","display_name":"VARP t\u00fdm"},"relative_dates":{"created":"Posted 4 years ago","modified":"Updated 4 years ago"},"absolute_dates":{"created":"Posted on April 7, 2022","modified":"Updated on June 29, 2022"},"absolute_dates_time":{"created":"Posted on April 7, 2022 9:51 pm","modified":"Updated on June 29, 2022 4:27 pm"},"featured_img_caption":"","featured_img":false,"series_order":"","_links":{"self":[{"href":"https:\/\/varp.cz\/en\/wp-json\/wp\/v2\/pages\/4782","targetHints":{"allow":["GET"]}}],"collection":[{"href":"https:\/\/varp.cz\/en\/wp-json\/wp\/v2\/pages"}],"about":[{"href":"https:\/\/varp.cz\/en\/wp-json\/wp\/v2\/types\/page"}],"author":[{"embeddable":true,"href":"https:\/\/varp.cz\/en\/wp-json\/wp\/v2\/users\/1"}],"replies":[{"embeddable":true,"href":"https:\/\/varp.cz\/en\/wp-json\/wp\/v2\/comments?post=4782"}],"version-history":[{"count":0,"href":"https:\/\/varp.cz\/en\/wp-json\/wp\/v2\/pages\/4782\/revisions"}],"wp:attachment":[{"href":"https:\/\/varp.cz\/en\/wp-json\/wp\/v2\/media?parent=4782"}],"curies":[{"name":"wp","href":"https:\/\/api.w.org\/{rel}","templated":true}]}}