{"id":507,"date":"2021-03-23T12:32:50","date_gmt":"2021-03-23T12:32:50","guid":{"rendered":"http:\/\/ahold-climbing.cz\/?page_id=507"},"modified":"2021-05-06T07:11:21","modified_gmt":"2021-05-06T05:11:21","slug":"udalosti","status":"publish","type":"page","link":"https:\/\/varp.cz\/en\/udalosti\/","title":{"rendered":"Events"},"content":{"rendered":"<div class=\"wp-block-themezee-magazine-blocks-list tz-magazine-block\"><div class=\"tz-magazine-list tz-magazine-list-50-50\"><div class=\"tz-post-wrap\"><article id=\"post-13872\" class=\"tz-magazine-post post-13872 post tz-type-post status-publish format-standard has-post-thumbnail hentry category-cesty category-pruvodce category-tradicni-lezeni category-uncategorized\"><div class=\"tz-post-image\"><figure class=\"tz-entry-image entry-image\"><a href=\"https:\/\/varp.cz\/en\/certovy-skaly-u-cernolic-stredni-vez\/\" rel=\"bookmark\"><img loading=\"lazy\" decoding=\"async\" width=\"1080\" height=\"720\" src=\"https:\/\/varp.cz\/wp-content\/uploads\/2026\/04\/Udolni-stena-04.2026.jpg\" class=\"attachment-full size-full wp-post-image\" alt=\"\" \/><\/a><\/figure><\/div><div class=\"tz-post-content\"><header class=\"tz-entry-header entry-header\"><h2 class=\"tz-entry-title entry-title\"><a href=\"https:\/\/varp.cz\/en\/certovy-skaly-u-cernolic-stredni-vez\/\" rel=\"bookmark\">\u010certovy sk\u00e1ly u \u010cernolic: St\u0159edn\u00ed v\u011b\u017e<\/a><\/h2><div class=\"tz-entry-meta entry-meta\"><span class=\"tz-meta-date meta-date tz-meta-field\"><a href=\"https:\/\/varp.cz\/en\/certovy-skaly-u-cernolic-stredni-vez\/\" title=\"9:00 a.m\" rel=\"bookmark\"><time class=\"published updated\" datetime=\"2026-04-17T09:00:00+02:00\">April 17, 2026<\/time><\/a><\/span><span class=\"tz-meta-author meta-author tz-meta-field author vcard\"><a class=\"url fn n\" href=\"https:\/\/varp.cz\/en\/author\/jan-kulhanek\/\" title=\"View all posts by J\u00e1nus\" rel=\"author\">Janus<\/a><\/span><\/div><\/header><div class=\"tz-entry-content entry-content\"><p>St\u0159edn\u00ed v\u011b\u017e je nejl\u00e9pe doji\u0161t\u011bn\u00e1 sk\u00e1la v r\u00e1mci \u010cernolic. Star\u00e9 cesty a\u017e do obt\u00ed\u017enosti 6c (VII+), v\u010detn\u011b dlouh\u00fdch traverz\u016f. <span class=\"tz-excerpt-more\">[\u2026]<\/span><\/p><p class=\"tz-read-more read-more\"><a href=\"https:\/\/varp.cz\/en\/certovy-skaly-u-cernolic-stredni-vez\/\" class=\"tz-more-link more-link\" rel=\"bookmark\">Continue Reading<\/a><\/p><\/div><\/div><\/article><\/div><div class=\"tz-post-wrap\"><article id=\"post-13787\" class=\"tz-magazine-post post-13787 post tz-type-post status-publish format-standard has-post-thumbnail hentry category-historie category-inspirace category-lezecke-oblasti\"><div class=\"tz-post-image\"><figure class=\"tz-entry-image entry-image\"><a href=\"https:\/\/varp.cz\/en\/lechuv-kamen-uz-bez-lezeni\/\" rel=\"bookmark\"><img loading=\"lazy\" decoding=\"async\" width=\"900\" height=\"600\" src=\"https:\/\/varp.cz\/wp-content\/uploads\/2026\/03\/Lechuv-kamen.jpg\" class=\"attachment-full size-full wp-post-image\" alt=\"\" \/><\/a><\/figure><\/div><div class=\"tz-post-content\"><header class=\"tz-entry-header entry-header\"><h2 class=\"tz-entry-title entry-title\"><a href=\"https:\/\/varp.cz\/en\/lechuv-kamen-uz-bez-lezeni\/\" rel=\"bookmark\">Lech\u016fv k\u00e1men: U\u017e bez lezen\u00ed<\/a><\/h2><div class=\"tz-entry-meta entry-meta\"><span class=\"tz-meta-date meta-date tz-meta-field\"><a href=\"https:\/\/varp.cz\/en\/lechuv-kamen-uz-bez-lezeni\/\" title=\"1:27 pm\" rel=\"bookmark\"><time class=\"published updated\" datetime=\"2026-04-14T13:27:37+02:00\">April 14, 2026<\/time><\/a><\/span><span class=\"tz-meta-author meta-author tz-meta-field author vcard\"><a class=\"url fn n\" href=\"https:\/\/varp.cz\/en\/author\/jan-kulhanek\/\" title=\"View all posts by J\u00e1nus\" rel=\"author\">Janus<\/a><\/span><\/div><\/header><div class=\"tz-entry-content entry-content\"><p>Lech\u016fv k\u00e1men, z\u00e1kaz lezen\u00ed, legenda a ochrana pam\u00e1tky. Bohu\u017eel se sem asi dlouho nevr\u00e1t\u00edme, ani na bouldermatce. <span class=\"tz-excerpt-more\">[\u2026]<\/span><\/p><p class=\"tz-read-more read-more\"><a href=\"https:\/\/varp.cz\/en\/lechuv-kamen-uz-bez-lezeni\/\" class=\"tz-more-link more-link\" rel=\"bookmark\">Continue Reading<\/a><\/p><\/div><\/div><\/article><\/div><div class=\"tz-post-wrap\"><article id=\"post-4647\" class=\"tz-magazine-post post-4647 post tz-type-post status-publish format-standard has-post-thumbnail hentry category-cesty category-rez category-sportovni-lezeni\"><div class=\"tz-post-image\"><figure class=\"tz-entry-image entry-image\"><a href=\"https:\/\/varp.cz\/en\/rez-u-prahy-v-masiv\/\" rel=\"bookmark\"><img loading=\"lazy\" decoding=\"async\" width=\"2560\" height=\"1811\" src=\"https:\/\/varp.cz\/wp-content\/uploads\/2026\/04\/5.-masiv-levo-scaled.jpg\" class=\"attachment-full size-full wp-post-image\" alt=\"\" \/><\/a><\/figure><\/div><div class=\"tz-post-content\"><header class=\"tz-entry-header entry-header\"><h2 class=\"tz-entry-title entry-title\"><a href=\"https:\/\/varp.cz\/en\/rez-u-prahy-v-masiv\/\" rel=\"bookmark\">Cut near Prague \u2013 V. Masiv<\/a><\/h2><div class=\"tz-entry-meta entry-meta\"><span class=\"tz-meta-date meta-date tz-meta-field\"><a href=\"https:\/\/varp.cz\/en\/rez-u-prahy-v-masiv\/\" title=\"10:27 pm\" rel=\"bookmark\"><time class=\"published updated\" datetime=\"2026-04-10T22:27:57+02:00\">April 10, 2026<\/time><\/a><\/span><span class=\"tz-meta-author meta-author tz-meta-field author vcard\"><a class=\"url fn n\" href=\"https:\/\/varp.cz\/en\/author\/administrator\/\" title=\"View all posts by VARP t\u00fdm\" rel=\"author\">VARP team<\/a><\/span><\/div><\/header><div class=\"tz-entry-content entry-content\"><p>V. Massif is one of the sectors of the Sk\u00e1ly u \u0158e\u017e climbing area. It is a well secured area and a roughly 10 meter high rock. <span class=\"tz-excerpt-more\">[\u2026]<\/span><\/p><p class=\"tz-read-more read-more\"><a href=\"https:\/\/varp.cz\/en\/rez-u-prahy-v-masiv\/\" class=\"tz-more-link more-link\" rel=\"bookmark\">Continue Reading<\/a><\/p><\/div><\/div><\/article><\/div><\/div><\/div>","protected":false},"excerpt":{"rendered":"","protected":false},"author":1,"featured_media":0,"parent":0,"menu_order":0,"comment_status":"closed","ping_status":"closed","template":"","meta":{"_acf_changed":false,"rop_custom_images_group":[],"rop_custom_messages_group":[],"rop_publish_now":"initial","rop_publish_now_accounts":{"facebook_3757179584331251_101591145351256":""},"rop_publish_now_history":[],"rop_publish_now_status":"pending","_uag_custom_page_level_css":"","advgb_blocks_editor_width":"","advgb_blocks_columns_visual_guide":"","cybocfi_hide_featured_image":"","footnotes":""},"class_list":["post-507","page","type-page","status-publish","hentry"],"acf":[],"yoast_head":"<!-- This site is optimized with the Yoast SEO plugin v26.4 - https:\/\/yoast.com\/wordpress\/plugins\/seo\/ -->\n<title>Ud\u00e1losti z lezeck\u00e9ho sv\u011bta- VARP<\/title>\n<meta name=\"description\" content=\"Prvov\u00fdstupy, nov\u00e9 cesty, hodnocen\u00ed, sout\u011b\u017ee? Co je nov\u00e9 a aktu\u00e1ln\u00ed? Odpov\u011b\u010f na to najdete zde v na\u0161\u00ed nov\u00e9 rubrice.\" \/>\n<meta name=\"robots\" content=\"index, follow, max-snippet:-1, max-image-preview:large, max-video-preview:-1\" \/>\n<link rel=\"canonical\" href=\"https:\/\/varp.cz\/en\/udalosti\/\" \/>\n<meta property=\"og:locale\" content=\"en_US\" \/>\n<meta property=\"og:type\" content=\"article\" \/>\n<meta property=\"og:title\" content=\"Ud\u00e1losti z lezeck\u00e9ho sv\u011bta- VARP\" \/>\n<meta property=\"og:description\" content=\"Prvov\u00fdstupy, nov\u00e9 cesty, hodnocen\u00ed, sout\u011b\u017ee? Co je nov\u00e9 a aktu\u00e1ln\u00ed? Odpov\u011b\u010f na to najdete zde v na\u0161\u00ed nov\u00e9 rubrice.\" \/>\n<meta property=\"og:url\" content=\"https:\/\/varp.cz\/en\/udalosti\/\" \/>\n<meta property=\"og:site_name\" content=\"VARP\" \/>\n<meta property=\"article:publisher\" content=\"https:\/\/www.facebook.com\/Aholdclimbing\/\" \/>\n<meta property=\"article:modified_time\" content=\"2021-05-06T05:11:21+00:00\" \/>\n<meta name=\"twitter:card\" content=\"summary_large_image\" \/>\n<script type=\"application\/ld+json\" class=\"yoast-schema-graph\">{\"@context\":\"https:\/\/schema.org\",\"@graph\":[{\"@type\":\"WebPage\",\"@id\":\"https:\/\/varp.cz\/udalosti\/\",\"url\":\"https:\/\/varp.cz\/udalosti\/\",\"name\":\"Ud\u00e1losti z lezeck\u00e9ho sv\u011bta- VARP\",\"isPartOf\":{\"@id\":\"https:\/\/varp.cz\/#website\"},\"datePublished\":\"2021-03-23T12:32:50+00:00\",\"dateModified\":\"2021-05-06T05:11:21+00:00\",\"description\":\"Prvov\u00fdstupy, nov\u00e9 cesty, hodnocen\u00ed, sout\u011b\u017ee? Co je nov\u00e9 a aktu\u00e1ln\u00ed? Odpov\u011b\u010f na to najdete zde v na\u0161\u00ed nov\u00e9 rubrice.\",\"breadcrumb\":{\"@id\":\"https:\/\/varp.cz\/udalosti\/#breadcrumb\"},\"inLanguage\":\"en-US\",\"potentialAction\":[{\"@type\":\"ReadAction\",\"target\":[\"https:\/\/varp.cz\/udalosti\/\"]}]},{\"@type\":\"BreadcrumbList\",\"@id\":\"https:\/\/varp.cz\/udalosti\/#breadcrumb\",\"itemListElement\":[{\"@type\":\"ListItem\",\"position\":1,\"name\":\"Home\",\"item\":\"https:\/\/varp.cz\/\"},{\"@type\":\"ListItem\",\"position\":2,\"name\":\"Ud\u00e1losti\"}]},{\"@type\":\"WebSite\",\"@id\":\"https:\/\/varp.cz\/#website\",\"url\":\"https:\/\/varp.cz\/\",\"name\":\"VARP\",\"description\":\"Bouldering, Lezen\u00ed na obt\u00ed\u017enost, topos\",\"publisher\":{\"@id\":\"https:\/\/varp.cz\/#organization\"},\"potentialAction\":[{\"@type\":\"SearchAction\",\"target\":{\"@type\":\"EntryPoint\",\"urlTemplate\":\"https:\/\/varp.cz\/?s={search_term_string}\"},\"query-input\":{\"@type\":\"PropertyValueSpecification\",\"valueRequired\":true,\"valueName\":\"search_term_string\"}}],\"inLanguage\":\"en-US\"},{\"@type\":\"Organization\",\"@id\":\"https:\/\/varp.cz\/#organization\",\"name\":\"Varianta RP\",\"url\":\"https:\/\/varp.cz\/\",\"logo\":{\"@type\":\"ImageObject\",\"inLanguage\":\"en-US\",\"@id\":\"https:\/\/varp.cz\/#\/schema\/logo\/image\/\",\"url\":\"https:\/\/i0.wp.com\/varp.cz\/wp-content\/uploads\/2021\/08\/Frame_76-removebg-preview-1.png?fit=962%2C259&ssl=1\",\"contentUrl\":\"https:\/\/i0.wp.com\/varp.cz\/wp-content\/uploads\/2021\/08\/Frame_76-removebg-preview-1.png?fit=962%2C259&ssl=1\",\"width\":962,\"height\":259,\"caption\":\"Varianta RP\"},\"image\":{\"@id\":\"https:\/\/varp.cz\/#\/schema\/logo\/image\/\"},\"sameAs\":[\"https:\/\/www.facebook.com\/Aholdclimbing\/\",\"https:\/\/www.instagram.com\/ahold_climbing\/\"]}]}<\/script>\n<!-- \/ Yoast SEO plugin. -->","yoast_head_json":{"title":"Ud\u00e1losti z lezeck\u00e9ho sv\u011bta- VARP","description":"Prvov\u00fdstupy, nov\u00e9 cesty, hodnocen\u00ed, sout\u011b\u017ee? Co je nov\u00e9 a aktu\u00e1ln\u00ed? Odpov\u011b\u010f na to najdete zde v na\u0161\u00ed nov\u00e9 rubrice.","robots":{"index":"index","follow":"follow","max-snippet":"max-snippet:-1","max-image-preview":"max-image-preview:large","max-video-preview":"max-video-preview:-1"},"canonical":"https:\/\/varp.cz\/en\/udalosti\/","og_locale":"en_US","og_type":"article","og_title":"Ud\u00e1losti z lezeck\u00e9ho sv\u011bta- VARP","og_description":"Prvov\u00fdstupy, nov\u00e9 cesty, hodnocen\u00ed, sout\u011b\u017ee? Co je nov\u00e9 a aktu\u00e1ln\u00ed? Odpov\u011b\u010f na to najdete zde v na\u0161\u00ed nov\u00e9 rubrice.","og_url":"https:\/\/varp.cz\/en\/udalosti\/","og_site_name":"VARP","article_publisher":"https:\/\/www.facebook.com\/Aholdclimbing\/","article_modified_time":"2021-05-06T05:11:21+00:00","twitter_card":"summary_large_image","schema":{"@context":"https:\/\/schema.org","@graph":[{"@type":"WebPage","@id":"https:\/\/varp.cz\/udalosti\/","url":"https:\/\/varp.cz\/udalosti\/","name":"Ud\u00e1losti z lezeck\u00e9ho sv\u011bta- VARP","isPartOf":{"@id":"https:\/\/varp.cz\/#website"},"datePublished":"2021-03-23T12:32:50+00:00","dateModified":"2021-05-06T05:11:21+00:00","description":"Prvov\u00fdstupy, nov\u00e9 cesty, hodnocen\u00ed, sout\u011b\u017ee? Co je nov\u00e9 a aktu\u00e1ln\u00ed? Odpov\u011b\u010f na to najdete zde v na\u0161\u00ed nov\u00e9 rubrice.","breadcrumb":{"@id":"https:\/\/varp.cz\/udalosti\/#breadcrumb"},"inLanguage":"en-US","potentialAction":[{"@type":"ReadAction","target":["https:\/\/varp.cz\/udalosti\/"]}]},{"@type":"BreadcrumbList","@id":"https:\/\/varp.cz\/udalosti\/#breadcrumb","itemListElement":[{"@type":"ListItem","position":1,"name":"Home","item":"https:\/\/varp.cz\/"},{"@type":"ListItem","position":2,"name":"Ud\u00e1losti"}]},{"@type":"WebSite","@id":"https:\/\/varp.cz\/#website","url":"https:\/\/varp.cz\/","name":"WARP","description":"Bouldering, Climbing on difficulty, topos","publisher":{"@id":"https:\/\/varp.cz\/#organization"},"potentialAction":[{"@type":"SearchAction","target":{"@type":"EntryPoint","urlTemplate":"https:\/\/varp.cz\/?s={search_term_string}"},"query-input":{"@type":"PropertyValueSpecification","valueRequired":true,"valueName":"search_term_string"}}],"inLanguage":"en-US"},{"@type":"Organization","@id":"https:\/\/varp.cz\/#organization","name":"Varianta RP","url":"https:\/\/varp.cz\/","logo":{"@type":"ImageObject","inLanguage":"en-US","@id":"https:\/\/varp.cz\/#\/schema\/logo\/image\/","url":"https:\/\/i0.wp.com\/varp.cz\/wp-content\/uploads\/2021\/08\/Frame_76-removebg-preview-1.png?fit=962%2C259&ssl=1","contentUrl":"https:\/\/i0.wp.com\/varp.cz\/wp-content\/uploads\/2021\/08\/Frame_76-removebg-preview-1.png?fit=962%2C259&ssl=1","width":962,"height":259,"caption":"Varianta RP"},"image":{"@id":"https:\/\/varp.cz\/#\/schema\/logo\/image\/"},"sameAs":["https:\/\/www.facebook.com\/Aholdclimbing\/","https:\/\/www.instagram.com\/ahold_climbing\/"]}]}},"uagb_featured_image_src":{"full":false,"thumbnail":false,"medium":false,"medium_large":false,"large":false,"1536x1536":false,"2048x2048":false,"trp-custom-language-flag":false,"post-thumbnail":false,"poseidon-header-image":false,"poseidon-thumbnail-small":false,"poseidon-thumbnail-medium":false,"poseidon-thumbnail-large":false,"poseidon-thumbnail-single":false},"uagb_author_info":{"display_name":"VARP t\u00fdm","author_link":"https:\/\/varp.cz\/en\/author\/administrator\/"},"uagb_comment_info":0,"uagb_excerpt":null,"coauthors":[],"author_meta":{"author_link":"https:\/\/varp.cz\/en\/author\/administrator\/","display_name":"VARP t\u00fdm"},"relative_dates":{"created":"Posted 5 years ago","modified":"Updated 5 years ago"},"absolute_dates":{"created":"Posted on March 23, 2021","modified":"Updated on May 6, 2021"},"absolute_dates_time":{"created":"Posted on March 23, 2021 12:32 pm","modified":"Updated on May 6, 2021 7:11 am"},"featured_img_caption":"","featured_img":false,"series_order":"","_links":{"self":[{"href":"https:\/\/varp.cz\/en\/wp-json\/wp\/v2\/pages\/507","targetHints":{"allow":["GET"]}}],"collection":[{"href":"https:\/\/varp.cz\/en\/wp-json\/wp\/v2\/pages"}],"about":[{"href":"https:\/\/varp.cz\/en\/wp-json\/wp\/v2\/types\/page"}],"author":[{"embeddable":true,"href":"https:\/\/varp.cz\/en\/wp-json\/wp\/v2\/users\/1"}],"replies":[{"embeddable":true,"href":"https:\/\/varp.cz\/en\/wp-json\/wp\/v2\/comments?post=507"}],"version-history":[{"count":0,"href":"https:\/\/varp.cz\/en\/wp-json\/wp\/v2\/pages\/507\/revisions"}],"wp:attachment":[{"href":"https:\/\/varp.cz\/en\/wp-json\/wp\/v2\/media?parent=507"}],"curies":[{"name":"wp","href":"https:\/\/api.w.org\/{rel}","templated":true}]}}