{"id":743,"date":"2021-03-27T22:35:52","date_gmt":"2021-03-27T22:35:52","guid":{"rendered":"http:\/\/ahold-climbing.cz\/?page_id=743"},"modified":"2021-03-27T22:35:54","modified_gmt":"2021-03-27T22:35:54","slug":"obchodni-podminky","status":"publish","type":"page","link":"https:\/\/varp.cz\/en\/obchodni-podminky\/","title":{"rendered":"Terms and Conditions"},"content":{"rendered":"","protected":false},"excerpt":{"rendered":"","protected":false},"author":1,"featured_media":0,"parent":0,"menu_order":0,"comment_status":"closed","ping_status":"closed","template":"","meta":{"_acf_changed":false,"rop_custom_images_group":[],"rop_custom_messages_group":[],"rop_publish_now":"initial","rop_publish_now_accounts":{"facebook_3757179584331251_101591145351256":""},"rop_publish_now_history":[],"rop_publish_now_status":"pending","_uag_custom_page_level_css":"","advgb_blocks_editor_width":"","advgb_blocks_columns_visual_guide":"","cybocfi_hide_featured_image":"","footnotes":""},"class_list":["post-743","page","type-page","status-publish","hentry"],"acf":[],"yoast_head":"<!-- This site is optimized with the Yoast SEO plugin v26.4 - https:\/\/yoast.com\/wordpress\/plugins\/seo\/ -->\n<title>Obchodn\u00ed podm\u00ednky - VARP<\/title>\n<meta name=\"robots\" content=\"index, follow, max-snippet:-1, max-image-preview:large, max-video-preview:-1\" \/>\n<link rel=\"canonical\" href=\"https:\/\/varp.cz\/en\/obchodni-podminky\/\" \/>\n<meta property=\"og:locale\" content=\"en_US\" \/>\n<meta property=\"og:type\" content=\"article\" \/>\n<meta property=\"og:title\" content=\"Obchodn\u00ed podm\u00ednky - VARP\" \/>\n<meta property=\"og:url\" content=\"https:\/\/varp.cz\/en\/obchodni-podminky\/\" \/>\n<meta property=\"og:site_name\" content=\"VARP\" \/>\n<meta property=\"article:publisher\" content=\"https:\/\/www.facebook.com\/Aholdclimbing\/\" \/>\n<meta property=\"article:modified_time\" content=\"2021-03-27T22:35:54+00:00\" \/>\n<meta name=\"twitter:card\" content=\"summary_large_image\" \/>\n<script type=\"application\/ld+json\" class=\"yoast-schema-graph\">{\"@context\":\"https:\/\/schema.org\",\"@graph\":[{\"@type\":\"WebPage\",\"@id\":\"https:\/\/varp.cz\/obchodni-podminky\/\",\"url\":\"https:\/\/varp.cz\/obchodni-podminky\/\",\"name\":\"Obchodn\u00ed podm\u00ednky - VARP\",\"isPartOf\":{\"@id\":\"https:\/\/varp.cz\/#website\"},\"datePublished\":\"2021-03-27T22:35:52+00:00\",\"dateModified\":\"2021-03-27T22:35:54+00:00\",\"breadcrumb\":{\"@id\":\"https:\/\/varp.cz\/obchodni-podminky\/#breadcrumb\"},\"inLanguage\":\"en-US\",\"potentialAction\":[{\"@type\":\"ReadAction\",\"target\":[\"https:\/\/varp.cz\/obchodni-podminky\/\"]}]},{\"@type\":\"BreadcrumbList\",\"@id\":\"https:\/\/varp.cz\/obchodni-podminky\/#breadcrumb\",\"itemListElement\":[{\"@type\":\"ListItem\",\"position\":1,\"name\":\"Home\",\"item\":\"https:\/\/varp.cz\/\"},{\"@type\":\"ListItem\",\"position\":2,\"name\":\"Obchodn\u00ed podm\u00ednky\"}]},{\"@type\":\"WebSite\",\"@id\":\"https:\/\/varp.cz\/#website\",\"url\":\"https:\/\/varp.cz\/\",\"name\":\"VARP\",\"description\":\"Bouldering, Lezen\u00ed na obt\u00ed\u017enost, topos\",\"publisher\":{\"@id\":\"https:\/\/varp.cz\/#organization\"},\"potentialAction\":[{\"@type\":\"SearchAction\",\"target\":{\"@type\":\"EntryPoint\",\"urlTemplate\":\"https:\/\/varp.cz\/?s={search_term_string}\"},\"query-input\":{\"@type\":\"PropertyValueSpecification\",\"valueRequired\":true,\"valueName\":\"search_term_string\"}}],\"inLanguage\":\"en-US\"},{\"@type\":\"Organization\",\"@id\":\"https:\/\/varp.cz\/#organization\",\"name\":\"Varianta RP\",\"url\":\"https:\/\/varp.cz\/\",\"logo\":{\"@type\":\"ImageObject\",\"inLanguage\":\"en-US\",\"@id\":\"https:\/\/varp.cz\/#\/schema\/logo\/image\/\",\"url\":\"https:\/\/i0.wp.com\/varp.cz\/wp-content\/uploads\/2021\/08\/Frame_76-removebg-preview-1.png?fit=962%2C259&ssl=1\",\"contentUrl\":\"https:\/\/i0.wp.com\/varp.cz\/wp-content\/uploads\/2021\/08\/Frame_76-removebg-preview-1.png?fit=962%2C259&ssl=1\",\"width\":962,\"height\":259,\"caption\":\"Varianta RP\"},\"image\":{\"@id\":\"https:\/\/varp.cz\/#\/schema\/logo\/image\/\"},\"sameAs\":[\"https:\/\/www.facebook.com\/Aholdclimbing\/\",\"https:\/\/www.instagram.com\/ahold_climbing\/\"]}]}<\/script>\n<!-- \/ Yoast SEO plugin. -->","yoast_head_json":{"title":"Obchodn\u00ed podm\u00ednky - VARP","robots":{"index":"index","follow":"follow","max-snippet":"max-snippet:-1","max-image-preview":"max-image-preview:large","max-video-preview":"max-video-preview:-1"},"canonical":"https:\/\/varp.cz\/en\/obchodni-podminky\/","og_locale":"en_US","og_type":"article","og_title":"Obchodn\u00ed podm\u00ednky - VARP","og_url":"https:\/\/varp.cz\/en\/obchodni-podminky\/","og_site_name":"VARP","article_publisher":"https:\/\/www.facebook.com\/Aholdclimbing\/","article_modified_time":"2021-03-27T22:35:54+00:00","twitter_card":"summary_large_image","schema":{"@context":"https:\/\/schema.org","@graph":[{"@type":"WebPage","@id":"https:\/\/varp.cz\/obchodni-podminky\/","url":"https:\/\/varp.cz\/obchodni-podminky\/","name":"Obchodn\u00ed podm\u00ednky - VARP","isPartOf":{"@id":"https:\/\/varp.cz\/#website"},"datePublished":"2021-03-27T22:35:52+00:00","dateModified":"2021-03-27T22:35:54+00:00","breadcrumb":{"@id":"https:\/\/varp.cz\/obchodni-podminky\/#breadcrumb"},"inLanguage":"en-US","potentialAction":[{"@type":"ReadAction","target":["https:\/\/varp.cz\/obchodni-podminky\/"]}]},{"@type":"BreadcrumbList","@id":"https:\/\/varp.cz\/obchodni-podminky\/#breadcrumb","itemListElement":[{"@type":"ListItem","position":1,"name":"Home","item":"https:\/\/varp.cz\/"},{"@type":"ListItem","position":2,"name":"Obchodn\u00ed podm\u00ednky"}]},{"@type":"WebSite","@id":"https:\/\/varp.cz\/#website","url":"https:\/\/varp.cz\/","name":"WARP","description":"Bouldering, Climbing on difficulty, topos","publisher":{"@id":"https:\/\/varp.cz\/#organization"},"potentialAction":[{"@type":"SearchAction","target":{"@type":"EntryPoint","urlTemplate":"https:\/\/varp.cz\/?s={search_term_string}"},"query-input":{"@type":"PropertyValueSpecification","valueRequired":true,"valueName":"search_term_string"}}],"inLanguage":"en-US"},{"@type":"Organization","@id":"https:\/\/varp.cz\/#organization","name":"Varianta RP","url":"https:\/\/varp.cz\/","logo":{"@type":"ImageObject","inLanguage":"en-US","@id":"https:\/\/varp.cz\/#\/schema\/logo\/image\/","url":"https:\/\/i0.wp.com\/varp.cz\/wp-content\/uploads\/2021\/08\/Frame_76-removebg-preview-1.png?fit=962%2C259&ssl=1","contentUrl":"https:\/\/i0.wp.com\/varp.cz\/wp-content\/uploads\/2021\/08\/Frame_76-removebg-preview-1.png?fit=962%2C259&ssl=1","width":962,"height":259,"caption":"Varianta RP"},"image":{"@id":"https:\/\/varp.cz\/#\/schema\/logo\/image\/"},"sameAs":["https:\/\/www.facebook.com\/Aholdclimbing\/","https:\/\/www.instagram.com\/ahold_climbing\/"]}]}},"uagb_featured_image_src":{"full":false,"thumbnail":false,"medium":false,"medium_large":false,"large":false,"1536x1536":false,"2048x2048":false,"trp-custom-language-flag":false,"post-thumbnail":false,"poseidon-header-image":false,"poseidon-thumbnail-small":false,"poseidon-thumbnail-medium":false,"poseidon-thumbnail-large":false,"poseidon-thumbnail-single":false},"uagb_author_info":{"display_name":"VARP t\u00fdm","author_link":"https:\/\/varp.cz\/en\/author\/administrator\/"},"uagb_comment_info":0,"uagb_excerpt":null,"coauthors":[],"author_meta":{"author_link":"https:\/\/varp.cz\/en\/author\/administrator\/","display_name":"VARP t\u00fdm"},"relative_dates":{"created":"Posted 5 years ago","modified":"Updated 5 years ago"},"absolute_dates":{"created":"Posted on March 27, 2021","modified":"Updated on March 27, 2021"},"absolute_dates_time":{"created":"Posted on March 27, 2021 10:35 pm","modified":"Updated on March 27, 2021 10:35 pm"},"featured_img_caption":"","featured_img":false,"series_order":"","_links":{"self":[{"href":"https:\/\/varp.cz\/en\/wp-json\/wp\/v2\/pages\/743","targetHints":{"allow":["GET"]}}],"collection":[{"href":"https:\/\/varp.cz\/en\/wp-json\/wp\/v2\/pages"}],"about":[{"href":"https:\/\/varp.cz\/en\/wp-json\/wp\/v2\/types\/page"}],"author":[{"embeddable":true,"href":"https:\/\/varp.cz\/en\/wp-json\/wp\/v2\/users\/1"}],"replies":[{"embeddable":true,"href":"https:\/\/varp.cz\/en\/wp-json\/wp\/v2\/comments?post=743"}],"version-history":[{"count":0,"href":"https:\/\/varp.cz\/en\/wp-json\/wp\/v2\/pages\/743\/revisions"}],"wp:attachment":[{"href":"https:\/\/varp.cz\/en\/wp-json\/wp\/v2\/media?parent=743"}],"curies":[{"name":"wp","href":"https:\/\/api.w.org\/{rel}","templated":true}]}}